{"id":1318,"date":"2025-06-10T15:52:51","date_gmt":"2025-06-10T15:52:51","guid":{"rendered":"https:\/\/maroon-buffalo-918745.hostingersite.com\/about-2\/"},"modified":"2025-06-24T15:03:37","modified_gmt":"2025-06-24T15:03:37","slug":"about-2","status":"publish","type":"page","link":"https:\/\/spasomaser.com.br\/en\/about-2\/","title":{"rendered":"About us"},"content":{"rendered":"<div data-elementor-type=\"wp-page\" data-elementor-id=\"1318\" class=\"elementor elementor-1318\">\n\t\t\t\t<div class=\"elementor-element elementor-element-b485c57 e-flex e-con-boxed e-con e-parent\" data-id=\"b485c57\" data-element_type=\"container\" data-e-type=\"container\" data-settings=\"{&quot;background_background&quot;:&quot;classic&quot;}\">\n\t\t\t\t\t<div class=\"e-con-inner\">\n\t\t\t\t<div class=\"elementor-element elementor-element-582eb7b elementor-widget elementor-widget-heading\" data-id=\"582eb7b\" data-element_type=\"widget\" data-e-type=\"widget\" data-widget_type=\"heading.default\">\n\t\t\t\t<div class=\"elementor-widget-container\">\n\t\t\t\t\t<h1 class=\"elementor-heading-title elementor-size-default\">About us<\/h1>\t\t\t\t<\/div>\n\t\t\t\t<\/div>\n\t\t\t\t\t<\/div>\n\t\t\t\t<\/div>\n\t\t<div class=\"elementor-element elementor-element-22825f3 e-flex e-con-boxed e-con e-parent\" data-id=\"22825f3\" data-element_type=\"container\" data-e-type=\"container\" data-settings=\"{&quot;background_background&quot;:&quot;classic&quot;}\">\n\t\t\t\t\t<div class=\"e-con-inner\">\n\t\t<div class=\"elementor-element elementor-element-e6150a2 e-con-full e-flex e-con e-child\" data-id=\"e6150a2\" data-element_type=\"container\" data-e-type=\"container\">\n\t\t\t\t<div class=\"elementor-element elementor-element-9b85f4b elementor-widget elementor-widget-image\" data-id=\"9b85f4b\" data-element_type=\"widget\" data-e-type=\"widget\" data-widget_type=\"image.default\">\n\t\t\t\t<div class=\"elementor-widget-container\">\n\t\t\t\t\t\t\t\t\t\t\t\t\t\t\t<img fetchpriority=\"high\" decoding=\"async\" width=\"1920\" height=\"2560\" src=\"https:\/\/spasomaser.com.br\/wp-content\/uploads\/2025\/06\/DJI_20241007025810_0051_D-scaled-1-1-1-1.jpg\" class=\"attachment-full size-full wp-image-4701\" alt=\"\" srcset=\"https:\/\/spasomaser.com.br\/wp-content\/uploads\/2025\/06\/DJI_20241007025810_0051_D-scaled-1-1-1-1.jpg 1920w, https:\/\/spasomaser.com.br\/wp-content\/uploads\/2025\/06\/DJI_20241007025810_0051_D-scaled-1-1-1-1-225x300.jpg 225w, https:\/\/spasomaser.com.br\/wp-content\/uploads\/2025\/06\/DJI_20241007025810_0051_D-scaled-1-1-1-1-768x1024.jpg 768w, https:\/\/spasomaser.com.br\/wp-content\/uploads\/2025\/06\/DJI_20241007025810_0051_D-scaled-1-1-1-1-1152x1536.jpg 1152w, https:\/\/spasomaser.com.br\/wp-content\/uploads\/2025\/06\/DJI_20241007025810_0051_D-scaled-1-1-1-1-1536x2048.jpg 1536w\" sizes=\"(max-width: 1920px) 100vw, 1920px\" \/>\t\t\t\t\t\t\t\t\t\t\t\t\t\t\t<\/div>\n\t\t\t\t<\/div>\n\t\t\t\t<\/div>\n\t\t<div class=\"elementor-element elementor-element-96bd502 e-con-full e-flex e-con e-child\" data-id=\"96bd502\" data-element_type=\"container\" data-e-type=\"container\">\n\t\t\t\t<div class=\"elementor-element elementor-element-a3059cc elementor-widget-tablet__width-inherit elementor-widget elementor-widget-heading\" data-id=\"a3059cc\" data-element_type=\"widget\" data-e-type=\"widget\" data-widget_type=\"heading.default\">\n\t\t\t\t<div class=\"elementor-widget-container\">\n\t\t\t\t\t<h2 class=\"elementor-heading-title elementor-size-default\"><b>Spa Soma Ser<\/b> - Bem estar com alma, natureza e prop\u00f3sito<span style=\"font-style: inherit\"><\/span><br><\/h2>\t\t\t\t<\/div>\n\t\t\t\t<\/div>\n\t\t\t\t<div class=\"elementor-element elementor-element-1707dfc elementor-drop-cap-yes elementor-drop-cap-view-default elementor-widget elementor-widget-text-editor\" data-id=\"1707dfc\" data-element_type=\"widget\" data-e-type=\"widget\" data-settings=\"{&quot;drop_cap&quot;:&quot;yes&quot;}\" data-widget_type=\"text-editor.default\">\n\t\t\t\t<div class=\"elementor-widget-container\">\n\t\t\t\t\t\t\t\t\t<p data-start=\"268\" data-end=\"327\"><span style=\"font-style: inherit; font-weight: inherit;\">Somos um ref\u00fagio de cura, cuidado e reconex\u00e3o, localizado no cora\u00e7\u00e3o da Chapada Diamantina. Aqui, o tempo desacelera, o corpo relaxa e a alma encontra espa\u00e7o para respirar.<\/span><\/p><p data-start=\"503\" data-end=\"730\">O Spa Soma Ser nasceu do desejo de unir conforto, natureza e terapias que tocam profundamente. Nossa proposta \u00e9 mais do que est\u00e9tica ou relaxamento \u2014 \u00e9 criar <strong data-start=\"661\" data-end=\"693\">experi\u00eancias transformadoras<\/strong> que alinham corpo, mente e esp\u00edrito.<\/p><p data-start=\"732\" data-end=\"1082\">Oferecemos terapias integrativas, viv\u00eancias de autoconhecimento e retiros com prop\u00f3sito, sempre guiados por uma escuta sens\u00edvel e um acolhimento amoroso. Cada detalhe do espa\u00e7o foi pensado para proporcionar bem-estar e presen\u00e7a: da arquitetura geod\u00e9sica ao som da mata ao redor, da hidromassagem com vista para a serra \u00e0s m\u00e3os que tocam com inten\u00e7\u00e3o.<\/p><p data-start=\"1084\" data-end=\"1199\">Aqui, voc\u00ea \u00e9 convidado(a) a se reconectar com o seu centro, com a natureza e com a sabedoria que j\u00e1 habita em voc\u00ea.<\/p>\t\t\t\t\t\t\t\t<\/div>\n\t\t\t\t<\/div>\n\t\t\t\t<\/div>\n\t\t\t\t\t<\/div>\n\t\t\t\t<\/div>\n\t\t<div class=\"elementor-element elementor-element-4ec09b1 e-flex e-con-boxed e-con e-parent\" data-id=\"4ec09b1\" data-element_type=\"container\" data-e-type=\"container\" data-settings=\"{&quot;background_background&quot;:&quot;classic&quot;}\">\n\t\t\t\t\t<div class=\"e-con-inner\">\n\t\t\t\t<div class=\"elementor-element elementor-element-481e3a0 elementor-widget elementor-widget-heading\" data-id=\"481e3a0\" data-element_type=\"widget\" data-e-type=\"widget\" data-widget_type=\"heading.default\">\n\t\t\t\t<div class=\"elementor-widget-container\">\n\t\t\t\t\t<h2 class=\"elementor-heading-title elementor-size-default\"><span data-start=\"1201\" data-end=\"1248\" style=\"font-weight: 700;font-size: 21px;letter-spacing: normal;text-align: start\">Spa Soma Ser. Um lugar para voltar para si.<\/span><\/h2>\t\t\t\t<\/div>\n\t\t\t\t<\/div>\n\t\t\t\t\t<\/div>\n\t\t\t\t<\/div>\n\t\t<div class=\"elementor-element elementor-element-aac19e2 e-flex e-con-boxed e-con e-parent\" data-id=\"aac19e2\" data-element_type=\"container\" data-e-type=\"container\" data-settings=\"{&quot;background_background&quot;:&quot;classic&quot;}\">\n\t\t\t\t\t<div class=\"e-con-inner\">\n\t\t<div class=\"elementor-element elementor-element-1f7f824 e-con-full e-flex e-con e-child\" data-id=\"1f7f824\" data-element_type=\"container\" data-e-type=\"container\">\n\t\t\t\t<div class=\"elementor-element elementor-element-8a22b56 elementor-widget elementor-widget-heading\" data-id=\"8a22b56\" data-element_type=\"widget\" data-e-type=\"widget\" data-widget_type=\"heading.default\">\n\t\t\t\t<div class=\"elementor-widget-container\">\n\t\t\t\t\t<h2 class=\"elementor-heading-title elementor-size-default\"><strong data-start=\"234\" data-end=\"266\">Minha Hist\u00f3ria, Nosso Espa\u00e7o<\/strong><\/h2>\t\t\t\t<\/div>\n\t\t\t\t<\/div>\n\t\t\t\t<div class=\"elementor-element elementor-element-70b1a4d elementor-widget elementor-widget-text-editor\" data-id=\"70b1a4d\" data-element_type=\"widget\" data-e-type=\"widget\" data-widget_type=\"text-editor.default\">\n\t\t\t\t<div class=\"elementor-widget-container\">\n\t\t\t\t\t\t\t\t\t<p data-start=\"347\" data-end=\"531\"><strong data-start=\"347\" data-end=\"529\">O Spa Soma Ser nasceu do desejo de compartilhar pr\u00e1ticas que fui aprendendo na minha pr\u00f3pria busca por reconex\u00e3o, escuta interior e uma vida com mais presen\u00e7a, verdade e entrega.<\/strong><\/p><p data-start=\"536\" data-end=\"866\">Minha caminhada foi feita de encontros com a natureza, com mestres e com terapias que transformaram minha maneira de ver o mundo e de cuidar de mim. Entre idas e vindas, viagens a lugares sagrados, retiros, cursos, estudos e sil\u00eancios, fui sendo conduzida por um caminho de cura e autoconhecimento que se tornou o meu prop\u00f3sito.<\/p><p data-start=\"871\" data-end=\"1148\">Foi da uni\u00e3o entre o que vivi e o que desejei oferecer ao mundo que nasceu o Spa Soma Ser \u2014 um espa\u00e7o pensado para acolher, curar e inspirar. Um lugar onde cada detalhe carrega inten\u00e7\u00e3o: da arquitetura org\u00e2nica \u00e0 escolha das terapias, da vista da serra ao toque que desperta.<\/p><p data-start=\"1153\" data-end=\"1349\">Hoje, o Spa \u00e9 mais do que um espa\u00e7o f\u00edsico \u2014 \u00e9 a materializa\u00e7\u00e3o de uma jornada pessoal que se tornou coletiva. Um templo onde corpo, alma e natureza podem se encontrar com leveza e profundidade.<\/p><p data-start=\"1354\" data-end=\"1470\">\u00a0<\/p>\t\t\t\t\t\t\t\t<\/div>\n\t\t\t\t<\/div>\n\t\t\t\t<\/div>\n\t\t<div class=\"elementor-element elementor-element-07afb6e e-con-full e-flex e-con e-child\" data-id=\"07afb6e\" data-element_type=\"container\" data-e-type=\"container\">\n\t\t\t\t<div class=\"elementor-element elementor-element-83930a5 elementor-widget elementor-widget-image\" data-id=\"83930a5\" data-element_type=\"widget\" data-e-type=\"widget\" data-widget_type=\"image.default\">\n\t\t\t\t<div class=\"elementor-widget-container\">\n\t\t\t\t\t\t\t\t\t\t\t\t\t\t\t<img decoding=\"async\" width=\"1708\" height=\"2560\" src=\"https:\/\/spasomaser.com.br\/wp-content\/uploads\/2025\/06\/20241004-_DSC1832-scaled-1-1-1-1-1.jpg\" class=\"attachment-full size-full wp-image-4702\" alt=\"\" srcset=\"https:\/\/spasomaser.com.br\/wp-content\/uploads\/2025\/06\/20241004-_DSC1832-scaled-1-1-1-1-1.jpg 1708w, https:\/\/spasomaser.com.br\/wp-content\/uploads\/2025\/06\/20241004-_DSC1832-scaled-1-1-1-1-1-200x300.jpg 200w, https:\/\/spasomaser.com.br\/wp-content\/uploads\/2025\/06\/20241004-_DSC1832-scaled-1-1-1-1-1-683x1024.jpg 683w, https:\/\/spasomaser.com.br\/wp-content\/uploads\/2025\/06\/20241004-_DSC1832-scaled-1-1-1-1-1-768x1151.jpg 768w, https:\/\/spasomaser.com.br\/wp-content\/uploads\/2025\/06\/20241004-_DSC1832-scaled-1-1-1-1-1-1025x1536.jpg 1025w, https:\/\/spasomaser.com.br\/wp-content\/uploads\/2025\/06\/20241004-_DSC1832-scaled-1-1-1-1-1-1366x2048.jpg 1366w\" sizes=\"(max-width: 1708px) 100vw, 1708px\" \/>\t\t\t\t\t\t\t\t\t\t\t\t\t\t\t<\/div>\n\t\t\t\t<\/div>\n\t\t\t\t<\/div>\n\t\t\t\t\t<\/div>\n\t\t\t\t<\/div>\n\t\t<div class=\"elementor-element elementor-element-b3d3aca e-flex e-con-boxed e-con e-parent\" data-id=\"b3d3aca\" data-element_type=\"container\" data-e-type=\"container\" data-settings=\"{&quot;background_background&quot;:&quot;classic&quot;}\">\n\t\t\t\t\t<div class=\"e-con-inner\">\n\t\t\t\t<div class=\"elementor-element elementor-element-9e5d64b elementor-widget elementor-widget-heading\" data-id=\"9e5d64b\" data-element_type=\"widget\" data-e-type=\"widget\" data-widget_type=\"heading.default\">\n\t\t\t\t<div class=\"elementor-widget-container\">\n\t\t\t\t\t<h2 class=\"elementor-heading-title elementor-size-default\">Este \u00e9 o meu caminho. E agora, \u00e9 tamb\u00e9m o seu.\nSeja bem-vinda(o) ao Soma Ser \u2014 um convite para voltar para si.<\/h2>\t\t\t\t<\/div>\n\t\t\t\t<\/div>\n\t\t\t\t\t<\/div>\n\t\t\t\t<\/div>\n\t\t<div class=\"elementor-element elementor-element-6c74fc8 e-flex e-con-boxed e-con e-parent\" data-id=\"6c74fc8\" data-element_type=\"container\" data-e-type=\"container\" data-settings=\"{&quot;background_background&quot;:&quot;classic&quot;}\">\n\t\t\t\t\t<div class=\"e-con-inner\">\n\t\t\t\t<div class=\"elementor-element elementor-element-e0ae875 elementor-widget elementor-widget-image\" data-id=\"e0ae875\" data-element_type=\"widget\" data-e-type=\"widget\" data-widget_type=\"image.default\">\n\t\t\t\t<div class=\"elementor-widget-container\">\n\t\t\t\t\t\t\t\t\t\t\t\t\t\t\t<img decoding=\"async\" width=\"150\" height=\"150\" src=\"https:\/\/spasomaser.com.br\/wp-content\/uploads\/2025\/06\/a15d1572-b074-46ea-93d0-1fe22031a4e3-1-1-1-1-150x150.avif\" class=\"attachment-thumbnail size-thumbnail wp-image-4703\" alt=\"\" srcset=\"https:\/\/spasomaser.com.br\/wp-content\/uploads\/2025\/06\/a15d1572-b074-46ea-93d0-1fe22031a4e3-1-1-1-1-150x150.avif 150w, https:\/\/spasomaser.com.br\/wp-content\/uploads\/2025\/06\/a15d1572-b074-46ea-93d0-1fe22031a4e3-1-1-1-1.avif 240w\" sizes=\"(max-width: 150px) 100vw, 150px\" \/>\t\t\t\t\t\t\t\t\t\t\t\t\t\t\t<\/div>\n\t\t\t\t<\/div>\n\t\t\t\t<div class=\"elementor-element elementor-element-3efd076 elementor-widget elementor-widget-heading\" data-id=\"3efd076\" data-element_type=\"widget\" data-e-type=\"widget\" data-widget_type=\"heading.default\">\n\t\t\t\t<div class=\"elementor-widget-container\">\n\t\t\t\t\t<h4 class=\"elementor-heading-title elementor-size-default\">V\u00edtor<\/h4>\t\t\t\t<\/div>\n\t\t\t\t<\/div>\n\t\t\t\t<div class=\"elementor-element elementor-element-c5d7443 elementor-widget-divider--separator-type-pattern elementor-widget-divider--view-line elementor-widget elementor-widget-divider\" data-id=\"c5d7443\" data-element_type=\"widget\" data-e-type=\"widget\" data-widget_type=\"divider.default\">\n\t\t\t\t<div class=\"elementor-widget-container\">\n\t\t\t\t\t\t\t<div class=\"elementor-divider\" style=\"--divider-pattern-url: url(&quot;data:image\/svg+xml,%3Csvg xmlns=&#039;http:\/\/www.w3.org\/2000\/svg&#039; preserveAspectRatio=&#039;none&#039; overflow=&#039;visible&#039; height=&#039;100%&#039; viewBox=&#039;0 0 24 24&#039; fill=&#039;black&#039; stroke=&#039;none&#039;%3E%3Cpath d=&#039;M12.7,2.3c-0.4-0.4-1.1-0.4-1.5,0l-8,9.1c-0.3,0.4-0.3,0.9,0,1.2l8,9.1c0.4,0.4,1.1,0.4,1.5,0l8-9.1c0.3-0.4,0.3-0.9,0-1.2L12.7,2.3z&#039;\/%3E%3C\/svg%3E&quot;);\">\n\t\t\t<span class=\"elementor-divider-separator\">\n\t\t\t\t\t\t<\/span>\n\t\t<\/div>\n\t\t\t\t\t\t<\/div>\n\t\t\t\t<\/div>\n\t\t\t\t<div class=\"elementor-element elementor-element-c2453a7 elementor-widget elementor-widget-heading\" data-id=\"c2453a7\" data-element_type=\"widget\" data-e-type=\"widget\" data-widget_type=\"heading.default\">\n\t\t\t\t<div class=\"elementor-widget-container\">\n\t\t\t\t\t<h3 class=\"elementor-heading-title elementor-size-default\">Simplesmente incr\u00edvel!!!! Com certeza voltarei mais vezes.<\/h3>\t\t\t\t<\/div>\n\t\t\t\t<\/div>\n\t\t\t\t<div class=\"elementor-element elementor-element-22ea1a4 elementor-align-center elementor-widget elementor-widget-button\" data-id=\"22ea1a4\" data-element_type=\"widget\" data-e-type=\"widget\" data-widget_type=\"button.default\">\n\t\t\t\t<div class=\"elementor-widget-container\">\n\t\t\t\t\t\t\t\t\t<div class=\"elementor-button-wrapper\">\n\t\t\t\t\t<a class=\"elementor-button elementor-button-link elementor-size-sm\" href=\"#\">\n\t\t\t\t\t\t<span class=\"elementor-button-content-wrapper\">\n\t\t\t\t\t\t\t\t\t<span class=\"elementor-button-text\">Depoimento<\/span>\n\t\t\t\t\t<\/span>\n\t\t\t\t\t<\/a>\n\t\t\t\t<\/div>\n\t\t\t\t\t\t\t\t<\/div>\n\t\t\t\t<\/div>\n\t\t\t\t\t<\/div>\n\t\t\t\t<\/div>\n\t\t<div class=\"elementor-element elementor-element-4318667 e-grid e-con-boxed e-con e-parent\" data-id=\"4318667\" data-element_type=\"container\" data-e-type=\"container\">\n\t\t\t\t\t<div class=\"e-con-inner\">\n\t\t\t\t<div class=\"elementor-element elementor-element-d048dd8 elementor-widget elementor-widget-text-editor\" data-id=\"d048dd8\" data-element_type=\"widget\" data-e-type=\"widget\" data-widget_type=\"text-editor.default\">\n\t\t\t\t<div class=\"elementor-widget-container\">\n\t\t\t\t\t\t\t\t\t<h2 data-start=\"115\" data-end=\"127\">Miss\u00e3o<\/h2><p data-start=\"128\" data-end=\"359\">Proporcionar um espa\u00e7o de cura, autoconhecimento e reconex\u00e3o com a alma, o corpo e a natureza que nos rodeia.<br data-start=\"238\" data-end=\"241\" \/>Acolher cada pessoa na sua jornada, compartilhando saberes, amor e consci\u00eancia para que redescubra a sua luz interior.<\/p>\t\t\t\t\t\t\t\t<\/div>\n\t\t\t\t<\/div>\n\t\t\t\t<div class=\"elementor-element elementor-element-fa3019c elementor-widget elementor-widget-text-editor\" data-id=\"fa3019c\" data-element_type=\"widget\" data-e-type=\"widget\" data-widget_type=\"text-editor.default\">\n\t\t\t\t<div class=\"elementor-widget-container\">\n\t\t\t\t\t\t\t\t\t<h2 data-start=\"366\" data-end=\"377\">Vis\u00e3o<\/h2><p data-start=\"378\" data-end=\"606\">Ser um ref\u00fagio transformador, onde as experi\u00eancias vividas ajudem a trilhar caminhos pessoais de cura, consci\u00eancia e harmonia.<br data-start=\"504\" data-end=\"507\" \/>Tornar-se uma refer\u00eancia na arte de apoiar o ser na jornada de autodescobrimento junto \u00e0 M\u00e3e Terra.<\/p>\t\t\t\t\t\t\t\t<\/div>\n\t\t\t\t<\/div>\n\t\t\t\t<div class=\"elementor-element elementor-element-6c245f3 elementor-widget elementor-widget-text-editor\" data-id=\"6c245f3\" data-element_type=\"widget\" data-e-type=\"widget\" data-widget_type=\"text-editor.default\">\n\t\t\t\t<div class=\"elementor-widget-container\">\n\t\t\t\t\t\t\t\t\t<h2 data-start=\"613\" data-end=\"626\">Valores<\/h2><ul data-start=\"627\" data-end=\"787\"><li data-start=\"627\" data-end=\"669\"><p data-start=\"629\" data-end=\"669\"><strong data-start=\"629\" data-end=\"637\">Cura<\/strong> como um caminho compartilhado<\/p><\/li><li data-start=\"670\" data-end=\"720\"><p data-start=\"672\" data-end=\"720\"><strong data-start=\"672\" data-end=\"692\">Autoconhecimento<\/strong> para a liberdade interior<\/p><\/li><li data-start=\"721\" data-end=\"787\"><p data-start=\"723\" data-end=\"787\"><strong data-start=\"723\" data-end=\"734\">Conex\u00e3o<\/strong> com a alma, o corpo e a natureza que nos sustenta<\/p><\/li><\/ul>\t\t\t\t\t\t\t\t<\/div>\n\t\t\t\t<\/div>\n\t\t\t\t\t<\/div>\n\t\t\t\t<\/div>\n\t\t<div class=\"elementor-element elementor-element-bf06ec7 e-flex e-con-boxed e-con e-parent\" data-id=\"bf06ec7\" data-element_type=\"container\" data-e-type=\"container\">\n\t\t\t\t\t<div class=\"e-con-inner\">\n\t\t\t\t<div class=\"elementor-element elementor-element-5181b64 elementor-align-center elementor-widget elementor-widget-button\" data-id=\"5181b64\" data-element_type=\"widget\" data-e-type=\"widget\" data-widget_type=\"button.default\">\n\t\t\t\t<div class=\"elementor-widget-container\">\n\t\t\t\t\t\t\t\t\t<div class=\"elementor-button-wrapper\">\n\t\t\t\t\t<a class=\"elementor-button elementor-button-link elementor-size-sm\" href=\"https:\/\/spasomaser.com.br\/en\/services-2\/\">\n\t\t\t\t\t\t<span class=\"elementor-button-content-wrapper\">\n\t\t\t\t\t\t\t\t\t<span class=\"elementor-button-text\">Saiba Mais<\/span>\n\t\t\t\t\t<\/span>\n\t\t\t\t\t<\/a>\n\t\t\t\t<\/div>\n\t\t\t\t\t\t\t\t<\/div>\n\t\t\t\t<\/div>\n\t\t\t\t\t<\/div>\n\t\t\t\t<\/div>\n\t\t\t\t<\/div>","protected":false},"excerpt":{"rendered":"<p>Sobre n\u00f3s Spa Soma Ser &#8211; Bem estar com alma, natureza e prop\u00f3sito Somos um ref\u00fagio de cura, cuidado e reconex\u00e3o, localizado no cora\u00e7\u00e3o da Chapada Diamantina. Aqui, o tempo desacelera, o corpo relaxa e a alma encontra espa\u00e7o para respirar. O Spa Soma Ser nasceu do desejo de unir conforto, natureza e terapias que [&hellip;]<\/p>","protected":false},"author":1,"featured_media":0,"parent":0,"menu_order":2,"comment_status":"closed","ping_status":"closed","template":"","meta":{"site-sidebar-layout":"no-sidebar","site-content-layout":"page-builder","ast-site-content-layout":"default","site-content-style":"default","site-sidebar-style":"default","ast-global-header-display":"","ast-banner-title-visibility":"","ast-main-header-display":"","ast-hfb-above-header-display":"","ast-hfb-below-header-display":"","ast-hfb-mobile-header-display":"","site-post-title":"disabled","ast-breadcrumbs-content":"","ast-featured-img":"disabled","footer-sml-layout":"","ast-disable-related-posts":"","theme-transparent-header-meta":"enabled","adv-header-id-meta":"","stick-header-meta":"","header-above-stick-meta":"","header-main-stick-meta":"","header-below-stick-meta":"","astra-migrate-meta-layouts":"default","ast-page-background-enabled":"default","ast-page-background-meta":{"desktop":{"background-color":"var(--ast-global-color-4)","background-image":"","background-repeat":"repeat","background-position":"center center","background-size":"auto","background-attachment":"scroll","background-type":"","background-media":"","overlay-type":"","overlay-color":"","overlay-opacity":"","overlay-gradient":""},"tablet":{"background-color":"","background-image":"","background-repeat":"repeat","background-position":"center center","background-size":"auto","background-attachment":"scroll","background-type":"","background-media":"","overlay-type":"","overlay-color":"","overlay-opacity":"","overlay-gradient":""},"mobile":{"background-color":"","background-image":"","background-repeat":"repeat","background-position":"center center","background-size":"auto","background-attachment":"scroll","background-type":"","background-media":"","overlay-type":"","overlay-color":"","overlay-opacity":"","overlay-gradient":""}},"ast-content-background-meta":{"desktop":{"background-color":"var(--ast-global-color-5)","background-image":"","background-repeat":"repeat","background-position":"center center","background-size":"auto","background-attachment":"scroll","background-type":"","background-media":"","overlay-type":"","overlay-color":"","overlay-opacity":"","overlay-gradient":""},"tablet":{"background-color":"var(--ast-global-color-5)","background-image":"","background-repeat":"repeat","background-position":"center center","background-size":"auto","background-attachment":"scroll","background-type":"","background-media":"","overlay-type":"","overlay-color":"","overlay-opacity":"","overlay-gradient":""},"mobile":{"background-color":"var(--ast-global-color-5)","background-image":"","background-repeat":"repeat","background-position":"center center","background-size":"auto","background-attachment":"scroll","background-type":"","background-media":"","overlay-type":"","overlay-color":"","overlay-opacity":"","overlay-gradient":""}},"footnotes":""},"class_list":["post-1318","page","type-page","status-publish","hentry"],"aioseo_notices":[],"_links":{"self":[{"href":"https:\/\/spasomaser.com.br\/en\/wp-json\/wp\/v2\/pages\/1318","targetHints":{"allow":["GET"]}}],"collection":[{"href":"https:\/\/spasomaser.com.br\/en\/wp-json\/wp\/v2\/pages"}],"about":[{"href":"https:\/\/spasomaser.com.br\/en\/wp-json\/wp\/v2\/types\/page"}],"author":[{"embeddable":true,"href":"https:\/\/spasomaser.com.br\/en\/wp-json\/wp\/v2\/users\/1"}],"replies":[{"embeddable":true,"href":"https:\/\/spasomaser.com.br\/en\/wp-json\/wp\/v2\/comments?post=1318"}],"version-history":[{"count":30,"href":"https:\/\/spasomaser.com.br\/en\/wp-json\/wp\/v2\/pages\/1318\/revisions"}],"predecessor-version":[{"id":4754,"href":"https:\/\/spasomaser.com.br\/en\/wp-json\/wp\/v2\/pages\/1318\/revisions\/4754"}],"wp:attachment":[{"href":"https:\/\/spasomaser.com.br\/en\/wp-json\/wp\/v2\/media?parent=1318"}],"curies":[{"name":"wp","href":"https:\/\/api.w.org\/{rel}","templated":true}]}}