{"id":4548,"date":"2025-06-14T21:14:02","date_gmt":"2025-06-14T21:14:02","guid":{"rendered":"https:\/\/spasomaser.com.br\/?page_id=4548"},"modified":"2026-04-08T12:49:26","modified_gmt":"2026-04-08T12:49:26","slug":"retiros","status":"publish","type":"page","link":"https:\/\/spasomaser.com.br\/en\/retiros\/","title":{"rendered":"Jornadas Soma Ser"},"content":{"rendered":"<div data-elementor-type=\"wp-page\" data-elementor-id=\"4548\" class=\"elementor elementor-4548\">\n\t\t\t\t<div class=\"elementor-element elementor-element-58b935b e-flex e-con-boxed e-con e-parent\" data-id=\"58b935b\" data-element_type=\"container\" data-e-type=\"container\" data-settings=\"{&quot;background_background&quot;:&quot;classic&quot;}\">\n\t\t\t\t\t<div class=\"e-con-inner\">\n\t\t\t\t<div class=\"elementor-element elementor-element-6da5de9 elementor-widget elementor-widget-heading\" data-id=\"6da5de9\" data-element_type=\"widget\" data-e-type=\"widget\" data-widget_type=\"heading.default\">\n\t\t\t\t<div class=\"elementor-widget-container\">\n\t\t\t\t\t<h2 class=\"elementor-heading-title elementor-size-default\"><b>Jornadas Soma Ser <\/b><\/h2>\t\t\t\t<\/div>\n\t\t\t\t<\/div>\n\t\t\t\t\t<\/div>\n\t\t\t\t<\/div>\n\t\t<div class=\"elementor-element elementor-element-57e54c5 e-flex e-con-boxed e-con e-parent\" data-id=\"57e54c5\" data-element_type=\"container\" data-e-type=\"container\" data-settings=\"{&quot;background_background&quot;:&quot;classic&quot;}\">\n\t\t\t\t\t<div class=\"e-con-inner\">\n\t\t\t\t<div class=\"elementor-element elementor-element-4ac77b2 elementor-widget elementor-widget-heading\" data-id=\"4ac77b2\" data-element_type=\"widget\" data-e-type=\"widget\" data-widget_type=\"heading.default\">\n\t\t\t\t<div class=\"elementor-widget-container\">\n\t\t\t\t\t<h2 class=\"elementor-heading-title elementor-size-default\"><b>Experi\u00eancias em destinos sagrados para silenciar, se redescobrir e reconectar com sua ess\u00eancia e com a natureza.<\/b><\/h2>\t\t\t\t<\/div>\n\t\t\t\t<\/div>\n\t\t\t\t<div class=\"elementor-element elementor-element-04a68d0 elementor-widget elementor-widget-text-editor\" data-id=\"04a68d0\" data-element_type=\"widget\" data-e-type=\"widget\" data-widget_type=\"text-editor.default\">\n\t\t\t\t<div class=\"elementor-widget-container\">\n\t\t\t\t\t\t\t\t\t<h3><strong>Um chamado para silenciar, reconectar e transformar<\/strong><\/h3><p data-start=\"344\" data-end=\"446\">Em meio ao ritmo acelerado da vida, nossos retiros s\u00e3o um convite a pausar, respirar e voltar para si.<\/p><p data-start=\"448\" data-end=\"631\">Estamos preparando experi\u00eancias transformadoras em destinos especiais como <b>Peru,\u00a0<\/b><strong data-start=\"523\" data-end=\"532\">\u00cdndia<\/strong>, <strong data-start=\"534\" data-end=\"543\">Egito (Internacionais), Paraty<\/strong> and <strong data-start=\"546\" data-end=\"568\">Chapada Diamantina (nacionais &#8211; Brasil)<\/strong>\u2014 jornadas de espiritualidade, cura e expans\u00e3o da consci\u00eancia.<\/p><p data-start=\"633\" data-end=\"812\">Cada retiro ser\u00e1 guiado com prop\u00f3sito, beleza e profundidade, envolvendo pr\u00e1ticas de yoga, medita\u00e7\u00e3o, cerim\u00f4nias ancestrais, contato com a natureza e cuidado com o corpo e a alma.<\/p><p data-start=\"814\" data-end=\"942\">\u00a0<\/p>\t\t\t\t\t\t\t\t<\/div>\n\t\t\t\t<\/div>\n\t\t\t\t\t<\/div>\n\t\t\t\t<\/div>\n\t\t<div class=\"elementor-element elementor-element-cd66ba0 e-flex e-con-boxed e-con e-parent\" data-id=\"cd66ba0\" data-element_type=\"container\" data-e-type=\"container\" data-settings=\"{&quot;background_background&quot;:&quot;classic&quot;}\">\n\t\t\t\t\t<div class=\"e-con-inner\">\n\t\t\t\t<div class=\"elementor-element elementor-element-6341907 elementor-widget elementor-widget-text-editor\" data-id=\"6341907\" data-element_type=\"widget\" data-e-type=\"widget\" data-widget_type=\"text-editor.default\">\n\t\t\t\t<div class=\"elementor-widget-container\">\n\t\t\t\t\t\t\t\t\t<p>\ud83c\udf3f <strong data-start=\"112\" data-end=\"145\">Alguns caminhos nos escolhem.<\/strong><br data-start=\"145\" data-end=\"148\" \/>Se este te chamou, permane\u00e7a por perto.<br data-start=\"187\" data-end=\"190\" \/>Em breve, as pr\u00f3ximas jornadas ser\u00e3o reveladas.<\/p>\t\t\t\t\t\t\t\t<\/div>\n\t\t\t\t<\/div>\n\t\t\t\t\t<\/div>\n\t\t\t\t<\/div>\n\t\t<div class=\"elementor-element elementor-element-39222dd e-flex e-con-boxed e-con e-parent\" data-id=\"39222dd\" data-element_type=\"container\" data-e-type=\"container\" data-settings=\"{&quot;background_background&quot;:&quot;classic&quot;}\">\n\t\t\t\t\t<div class=\"e-con-inner\">\n\t\t\t\t<div class=\"elementor-element elementor-element-84e6b6d elementor-widget elementor-widget-heading\" data-id=\"84e6b6d\" data-element_type=\"widget\" data-e-type=\"widget\" data-widget_type=\"heading.default\">\n\t\t\t\t<div class=\"elementor-widget-container\">\n\t\t\t\t\t<h2 class=\"elementor-heading-title elementor-size-default\">\ud83c\udf3f Pr\u00f3ximos Retiros<\/h2>\t\t\t\t<\/div>\n\t\t\t\t<\/div>\n\t\t\t\t\t<\/div>\n\t\t\t\t<\/div>\n\t\t<div class=\"elementor-element elementor-element-045b634 e-flex e-con-boxed e-con e-parent\" data-id=\"045b634\" data-element_type=\"container\" data-e-type=\"container\" data-settings=\"{&quot;background_background&quot;:&quot;classic&quot;}\">\n\t\t\t\t\t<div class=\"e-con-inner\">\n\t\t\t\t<div class=\"elementor-element elementor-element-c7f430c elementor-widget elementor-widget-text-editor\" data-id=\"c7f430c\" data-element_type=\"widget\" data-e-type=\"widget\" data-widget_type=\"text-editor.default\">\n\t\t\t\t<div class=\"elementor-widget-container\">\n\t\t\t\t\t\t\t\t\t<p>\u2728 Descubra as experi\u00eancias que est\u00e3o por vir \u2014 jornadas sagradas em conex\u00e3o com a natureza, o autoconhecimento e o esp\u00edrito.<\/p>\t\t\t\t\t\t\t\t<\/div>\n\t\t\t\t<\/div>\n\t\t\t\t\t<\/div>\n\t\t\t\t<\/div>\n\t\t<div class=\"elementor-element elementor-element-2e4ac00 e-flex e-con-boxed e-con e-parent\" data-id=\"2e4ac00\" data-element_type=\"container\" data-e-type=\"container\" data-settings=\"{&quot;background_background&quot;:&quot;classic&quot;}\">\n\t\t\t\t\t<div class=\"e-con-inner\">\n\t\t<div class=\"elementor-element elementor-element-3c07ce6 e-con-full e-flex e-con e-child\" data-id=\"3c07ce6\" data-element_type=\"container\" data-e-type=\"container\">\n\t\t\t\t<div class=\"elementor-element elementor-element-d481478 elementor-widget elementor-widget-image\" data-id=\"d481478\" data-element_type=\"widget\" data-e-type=\"widget\" data-widget_type=\"image.default\">\n\t\t\t\t<div class=\"elementor-widget-container\">\n\t\t\t\t\t\t\t\t\t\t\t\t\t\t\t<img fetchpriority=\"high\" decoding=\"async\" width=\"819\" height=\"1024\" src=\"https:\/\/spasomaser.com.br\/wp-content\/uploads\/2026\/04\/Filhas-da-Lua-819x1024.png\" class=\"attachment-large size-large wp-image-6774\" alt=\"\" srcset=\"https:\/\/spasomaser.com.br\/wp-content\/uploads\/2026\/04\/Filhas-da-Lua-819x1024.png 819w, https:\/\/spasomaser.com.br\/wp-content\/uploads\/2026\/04\/Filhas-da-Lua-240x300.png 240w, https:\/\/spasomaser.com.br\/wp-content\/uploads\/2026\/04\/Filhas-da-Lua-768x960.png 768w, https:\/\/spasomaser.com.br\/wp-content\/uploads\/2026\/04\/Filhas-da-Lua-10x12.png 10w, https:\/\/spasomaser.com.br\/wp-content\/uploads\/2026\/04\/Filhas-da-Lua.png 1080w\" sizes=\"(max-width: 819px) 100vw, 819px\" \/>\t\t\t\t\t\t\t\t\t\t\t\t\t\t\t<\/div>\n\t\t\t\t<\/div>\n\t\t\t\t<\/div>\n\t\t<div class=\"elementor-element elementor-element-58b81f6 e-con-full e-flex e-con e-child\" data-id=\"58b81f6\" data-element_type=\"container\" data-e-type=\"container\">\n\t\t\t\t<div class=\"elementor-element elementor-element-fc5246e elementor-widget elementor-widget-text-editor\" data-id=\"fc5246e\" data-element_type=\"widget\" data-e-type=\"widget\" data-widget_type=\"text-editor.default\">\n\t\t\t\t<div class=\"elementor-widget-container\">\n\t\t\t\t\t\t\t\t\t<p><b><img decoding=\"async\" class=\"emoji\" role=\"img\" draggable=\"false\" src=\"https:\/\/s.w.org\/images\/core\/emoji\/16.0.1\/svg\/1f4cd.svg\" alt=\"\ud83d\udccd\" width=\"25\" height=\"25\"> Paraty | Stembro 2026<\/b><\/p>\n<p><img decoding=\"async\" class=\"emoji\" style=\"background-color: #ffffff; color: #d8d8d8; font-family: 'Open Sans', sans-serif; text-align: center; font-size: 1.5em; background-image: none !important;\" role=\"img\" draggable=\"false\" src=\"https:\/\/s.w.org\/images\/core\/emoji\/16.0.1\/svg\/1f33f.svg\" alt=\"\ud83c\udf3f\">Uma imers\u00e3o na natureza para atravessar o portal do Equin\u00f3cio de Primavera, atrav\u00e9s dos 4 elementos Terra, \u00c1gua, Fogo e Ar, em uma jornada de reconex\u00e3o, presen\u00e7a e renascimento interior.<\/p>\n<p><b>Inscri\u00e7\u00f5es Abertas &#8211; Link abaixo<\/b><\/p>\n<p><b>&nbsp;<\/b><\/p>\t\t\t\t\t\t\t\t<\/div>\n\t\t\t\t<\/div>\n\t\t\t\t<\/div>\n\t\t\t\t\t<\/div>\n\t\t\t\t<\/div>\n\t\t<div class=\"elementor-element elementor-element-268528f e-flex e-con-boxed e-con e-parent\" data-id=\"268528f\" data-element_type=\"container\" data-e-type=\"container\" data-settings=\"{&quot;background_background&quot;:&quot;classic&quot;}\">\n\t\t\t\t\t<div class=\"e-con-inner\">\n\t\t\t\t<div class=\"elementor-element elementor-element-f3fb6c2 elementor-align-center elementor-widget elementor-widget-button\" data-id=\"f3fb6c2\" data-element_type=\"widget\" data-e-type=\"widget\" data-widget_type=\"button.default\">\n\t\t\t\t<div class=\"elementor-widget-container\">\n\t\t\t\t\t\t\t\t\t<div class=\"elementor-button-wrapper\">\n\t\t\t\t\t<a class=\"elementor-button elementor-button-link elementor-size-sm\" href=\"https:\/\/spasomaser.com.br\/en\/filhas-da-lua-retiro-em-paraty-setembro-2026\/\">\n\t\t\t\t\t\t<span class=\"elementor-button-content-wrapper\">\n\t\t\t\t\t\t\t\t\t<span class=\"elementor-button-text\">Inscri\u00e7\u00f5es Abertas<\/span>\n\t\t\t\t\t<\/span>\n\t\t\t\t\t<\/a>\n\t\t\t\t<\/div>\n\t\t\t\t\t\t\t\t<\/div>\n\t\t\t\t<\/div>\n\t\t\t\t\t<\/div>\n\t\t\t\t<\/div>\n\t\t<div class=\"elementor-element elementor-element-60f969b e-flex e-con-boxed e-con e-parent\" data-id=\"60f969b\" data-element_type=\"container\" data-e-type=\"container\" data-settings=\"{&quot;background_background&quot;:&quot;classic&quot;}\">\n\t\t\t\t\t<div class=\"e-con-inner\">\n\t\t<div class=\"elementor-element elementor-element-e64e499 e-con-full e-flex e-con e-child\" data-id=\"e64e499\" data-element_type=\"container\" data-e-type=\"container\">\n\t\t\t\t<div class=\"elementor-element elementor-element-6f7bf38 elementor-widget elementor-widget-image\" data-id=\"6f7bf38\" data-element_type=\"widget\" data-e-type=\"widget\" data-widget_type=\"image.default\">\n\t\t\t\t<div class=\"elementor-widget-container\">\n\t\t\t\t\t\t\t\t\t\t\t\t\t\t\t<img decoding=\"async\" width=\"711\" height=\"1024\" src=\"https:\/\/spasomaser.com.br\/wp-content\/uploads\/2026\/04\/Registrations-are-now-open.-\ud83c\udf04\u2728-e1775650777587-711x1024.jpg\" class=\"attachment-large size-large wp-image-6769\" alt=\"\" srcset=\"https:\/\/spasomaser.com.br\/wp-content\/uploads\/2026\/04\/Registrations-are-now-open.-\ud83c\udf04\u2728-e1775650777587-711x1024.jpg 711w, https:\/\/spasomaser.com.br\/wp-content\/uploads\/2026\/04\/Registrations-are-now-open.-\ud83c\udf04\u2728-e1775650777587-208x300.jpg 208w, https:\/\/spasomaser.com.br\/wp-content\/uploads\/2026\/04\/Registrations-are-now-open.-\ud83c\udf04\u2728-e1775650777587-768x1106.jpg 768w, https:\/\/spasomaser.com.br\/wp-content\/uploads\/2026\/04\/Registrations-are-now-open.-\ud83c\udf04\u2728-e1775650777587-1066x1536.jpg 1066w, https:\/\/spasomaser.com.br\/wp-content\/uploads\/2026\/04\/Registrations-are-now-open.-\ud83c\udf04\u2728-e1775650777587-8x12.jpg 8w, https:\/\/spasomaser.com.br\/wp-content\/uploads\/2026\/04\/Registrations-are-now-open.-\ud83c\udf04\u2728-e1775650777587.jpg 1080w\" sizes=\"(max-width: 711px) 100vw, 711px\" \/>\t\t\t\t\t\t\t\t\t\t\t\t\t\t\t<\/div>\n\t\t\t\t<\/div>\n\t\t\t\t<\/div>\n\t\t<div class=\"elementor-element elementor-element-115c5b2 e-con-full e-flex e-con e-child\" data-id=\"115c5b2\" data-element_type=\"container\" data-e-type=\"container\">\n\t\t\t\t<div class=\"elementor-element elementor-element-039b013 elementor-widget elementor-widget-text-editor\" data-id=\"039b013\" data-element_type=\"widget\" data-e-type=\"widget\" data-widget_type=\"text-editor.default\">\n\t\t\t\t<div class=\"elementor-widget-container\">\n\t\t\t\t\t\t\t\t\t<p><b><img loading=\"lazy\" decoding=\"async\" class=\"emoji\" role=\"img\" draggable=\"false\" src=\"https:\/\/s.w.org\/images\/core\/emoji\/16.0.1\/svg\/1f4cd.svg\" alt=\"\ud83d\udccd\" width=\"25\" height=\"25\" \/> Peru | Novembro 2026<\/b><\/p><p><b>Desperte o Chamado da Montanhas Sagradas<\/b> &#8211; Cuzco, Machupichu e Vale Sagrado<br data-start=\"502\" data-end=\"505\" \/>Uma jornada transformadora pelos Andes, com cerim\u00f4nias ancestrais, pr\u00e1ticas energ\u00e9ticas e visitas a portais de poder como Machu Picchu, Vale Sagrado e Naupa Iglesia.<\/p><p><b>Inscri\u00e7\u00f5es Abertas &#8211; Link abaixo<\/b><\/p><p><b>\u00a0<\/b><\/p>\t\t\t\t\t\t\t\t<\/div>\n\t\t\t\t<\/div>\n\t\t\t\t<\/div>\n\t\t\t\t\t<\/div>\n\t\t\t\t<\/div>\n\t\t<div class=\"elementor-element elementor-element-9b849da e-flex e-con-boxed e-con e-parent\" data-id=\"9b849da\" data-element_type=\"container\" data-e-type=\"container\" data-settings=\"{&quot;background_background&quot;:&quot;classic&quot;}\">\n\t\t\t\t\t<div class=\"e-con-inner\">\n\t\t\t\t<div class=\"elementor-element elementor-element-0ec6169 elementor-align-center elementor-widget elementor-widget-button\" data-id=\"0ec6169\" data-element_type=\"widget\" data-e-type=\"widget\" data-widget_type=\"button.default\">\n\t\t\t\t<div class=\"elementor-widget-container\">\n\t\t\t\t\t\t\t\t\t<div class=\"elementor-button-wrapper\">\n\t\t\t\t\t<a class=\"elementor-button elementor-button-link elementor-size-sm\" href=\"https:\/\/spasomaser.com.br\/en\/retreat-peru-november-2026\">\n\t\t\t\t\t\t<span class=\"elementor-button-content-wrapper\">\n\t\t\t\t\t\t\t\t\t<span class=\"elementor-button-text\">Inscri\u00e7\u00f5es Abertas<\/span>\n\t\t\t\t\t<\/span>\n\t\t\t\t\t<\/a>\n\t\t\t\t<\/div>\n\t\t\t\t\t\t\t\t<\/div>\n\t\t\t\t<\/div>\n\t\t\t\t\t<\/div>\n\t\t\t\t<\/div>\n\t\t<div class=\"elementor-element elementor-element-6039835 e-flex e-con-boxed e-con e-parent\" data-id=\"6039835\" data-element_type=\"container\" data-e-type=\"container\" data-settings=\"{&quot;background_background&quot;:&quot;classic&quot;}\">\n\t\t\t\t\t<div class=\"e-con-inner\">\n\t\t<div class=\"elementor-element elementor-element-1feefee e-con-full e-flex e-con e-child\" data-id=\"1feefee\" data-element_type=\"container\" data-e-type=\"container\">\n\t\t\t\t<div class=\"elementor-element elementor-element-8bde3fe elementor-widget elementor-widget-image\" data-id=\"8bde3fe\" data-element_type=\"widget\" data-e-type=\"widget\" data-widget_type=\"image.default\">\n\t\t\t\t<div class=\"elementor-widget-container\">\n\t\t\t\t\t\t\t\t\t\t\t\t\t\t\t<img loading=\"lazy\" decoding=\"async\" width=\"819\" height=\"1024\" src=\"https:\/\/spasomaser.com.br\/wp-content\/uploads\/2026\/04\/What-Really-Happens-Inside-the-Temples-1-819x1024.png\" class=\"attachment-large size-large wp-image-6778\" alt=\"\" srcset=\"https:\/\/spasomaser.com.br\/wp-content\/uploads\/2026\/04\/What-Really-Happens-Inside-the-Temples-1-819x1024.png 819w, https:\/\/spasomaser.com.br\/wp-content\/uploads\/2026\/04\/What-Really-Happens-Inside-the-Temples-1-240x300.png 240w, https:\/\/spasomaser.com.br\/wp-content\/uploads\/2026\/04\/What-Really-Happens-Inside-the-Temples-1-768x960.png 768w, https:\/\/spasomaser.com.br\/wp-content\/uploads\/2026\/04\/What-Really-Happens-Inside-the-Temples-1-10x12.png 10w, https:\/\/spasomaser.com.br\/wp-content\/uploads\/2026\/04\/What-Really-Happens-Inside-the-Temples-1.png 1080w\" sizes=\"(max-width: 819px) 100vw, 819px\" \/>\t\t\t\t\t\t\t\t\t\t\t\t\t\t\t<\/div>\n\t\t\t\t<\/div>\n\t\t\t\t<\/div>\n\t\t<div class=\"elementor-element elementor-element-1e6f911 e-con-full e-flex e-con e-child\" data-id=\"1e6f911\" data-element_type=\"container\" data-e-type=\"container\">\n\t\t\t\t<div class=\"elementor-element elementor-element-2614f96 elementor-widget elementor-widget-text-editor\" data-id=\"2614f96\" data-element_type=\"widget\" data-e-type=\"widget\" data-widget_type=\"text-editor.default\">\n\t\t\t\t<div class=\"elementor-widget-container\">\n\t\t\t\t\t\t\t\t\t<p><b><img decoding=\"async\" class=\"emoji\" role=\"img\" draggable=\"false\" src=\"https:\/\/s.w.org\/images\/core\/emoji\/16.0.1\/svg\/1f4cd.svg\" alt=\"\ud83d\udccd\" width=\"25\" height=\"25\">&nbsp;Egito | data em aberta para grupos<\/b><\/p>\n<p><b>Journey of Mysteries&nbsp;<\/b>&#8211; Cruzeiro, templos e pr\u00e1ticas sagradas para transforma\u00e7\u00e3o integral<br data-start=\"502\" data-end=\"505\">Uma jornada transformadora pelo rio Nilo e templos do Egito, com pr\u00e1ticas energ\u00e9ticas e visitas a portais de poder como as Pir\u00e2mides de Saqqara e Giza, Templos Sagrados do Egito e o Deserto.<\/p>\t\t\t\t\t\t\t\t<\/div>\n\t\t\t\t<\/div>\n\t\t\t\t<\/div>\n\t\t\t\t\t<\/div>\n\t\t\t\t<\/div>\n\t\t<div class=\"elementor-element elementor-element-b9dd3c8 e-flex e-con-boxed e-con e-parent\" data-id=\"b9dd3c8\" data-element_type=\"container\" data-e-type=\"container\" data-settings=\"{&quot;background_background&quot;:&quot;classic&quot;}\">\n\t\t\t\t\t<div class=\"e-con-inner\">\n\t\t\t\t<div class=\"elementor-element elementor-element-118a0e7 elementor-align-center elementor-widget elementor-widget-button\" data-id=\"118a0e7\" data-element_type=\"widget\" data-e-type=\"widget\" data-widget_type=\"button.default\">\n\t\t\t\t<div class=\"elementor-widget-container\">\n\t\t\t\t\t\t\t\t\t<div class=\"elementor-button-wrapper\">\n\t\t\t\t\t<a class=\"elementor-button elementor-button-link elementor-size-sm\" href=\"https:\/\/spasomaser.com.br\/en\/journey-of-mysteries-egypt-2026\/\">\n\t\t\t\t\t\t<span class=\"elementor-button-content-wrapper\">\n\t\t\t\t\t\t\t\t\t<span class=\"elementor-button-text\">\ud83d\udd17 Saiba mais e reserve sua vaga<\/span>\n\t\t\t\t\t<\/span>\n\t\t\t\t\t<\/a>\n\t\t\t\t<\/div>\n\t\t\t\t\t\t\t\t<\/div>\n\t\t\t\t<\/div>\n\t\t\t\t\t<\/div>\n\t\t\t\t<\/div>\n\t\t\t\t<\/div>","protected":false},"excerpt":{"rendered":"<p>Jornadas Soma Ser Experi\u00eancias em destinos sagrados para silenciar, se redescobrir e reconectar com sua ess\u00eancia e com a natureza. Um chamado para silenciar, reconectar e transformar Em meio ao ritmo acelerado da vida, nossos retiros s\u00e3o um convite a pausar, respirar e voltar para si. Estamos preparando experi\u00eancias transformadoras em destinos especiais como Peru,\u00a0\u00cdndia, [&hellip;]<\/p>","protected":false},"author":1,"featured_media":4521,"parent":0,"menu_order":5,"comment_status":"closed","ping_status":"closed","template":"","meta":{"site-sidebar-layout":"no-sidebar","site-content-layout":"page-builder","ast-site-content-layout":"full-width-container","site-content-style":"unboxed","site-sidebar-style":"unboxed","ast-global-header-display":"","ast-banner-title-visibility":"","ast-main-header-display":"","ast-hfb-above-header-display":"","ast-hfb-below-header-display":"","ast-hfb-mobile-header-display":"","site-post-title":"disabled","ast-breadcrumbs-content":"","ast-featured-img":"disabled","footer-sml-layout":"","ast-disable-related-posts":"","theme-transparent-header-meta":"","adv-header-id-meta":"","stick-header-meta":"","header-above-stick-meta":"","header-main-stick-meta":"","header-below-stick-meta":"","astra-migrate-meta-layouts":"set","ast-page-background-enabled":"default","ast-page-background-meta":{"desktop":{"background-color":"var(--ast-global-color-4)","background-image":"","background-repeat":"repeat","background-position":"center center","background-size":"auto","background-attachment":"scroll","background-type":"","background-media":"","overlay-type":"","overlay-color":"","overlay-opacity":"","overlay-gradient":""},"tablet":{"background-color":"","background-image":"","background-repeat":"repeat","background-position":"center center","background-size":"auto","background-attachment":"scroll","background-type":"","background-media":"","overlay-type":"","overlay-color":"","overlay-opacity":"","overlay-gradient":""},"mobile":{"background-color":"","background-image":"","background-repeat":"repeat","background-position":"center center","background-size":"auto","background-attachment":"scroll","background-type":"","background-media":"","overlay-type":"","overlay-color":"","overlay-opacity":"","overlay-gradient":""}},"ast-content-background-meta":{"desktop":{"background-color":"var(--ast-global-color-5)","background-image":"","background-repeat":"repeat","background-position":"center center","background-size":"auto","background-attachment":"scroll","background-type":"","background-media":"","overlay-type":"","overlay-color":"","overlay-opacity":"","overlay-gradient":""},"tablet":{"background-color":"var(--ast-global-color-5)","background-image":"","background-repeat":"repeat","background-position":"center center","background-size":"auto","background-attachment":"scroll","background-type":"","background-media":"","overlay-type":"","overlay-color":"","overlay-opacity":"","overlay-gradient":""},"mobile":{"background-color":"var(--ast-global-color-5)","background-image":"","background-repeat":"repeat","background-position":"center center","background-size":"auto","background-attachment":"scroll","background-type":"","background-media":"","overlay-type":"","overlay-color":"","overlay-opacity":"","overlay-gradient":""}},"footnotes":""},"class_list":["post-4548","page","type-page","status-publish","has-post-thumbnail","hentry"],"aioseo_notices":[],"_links":{"self":[{"href":"https:\/\/spasomaser.com.br\/en\/wp-json\/wp\/v2\/pages\/4548","targetHints":{"allow":["GET"]}}],"collection":[{"href":"https:\/\/spasomaser.com.br\/en\/wp-json\/wp\/v2\/pages"}],"about":[{"href":"https:\/\/spasomaser.com.br\/en\/wp-json\/wp\/v2\/types\/page"}],"author":[{"embeddable":true,"href":"https:\/\/spasomaser.com.br\/en\/wp-json\/wp\/v2\/users\/1"}],"replies":[{"embeddable":true,"href":"https:\/\/spasomaser.com.br\/en\/wp-json\/wp\/v2\/comments?post=4548"}],"version-history":[{"count":68,"href":"https:\/\/spasomaser.com.br\/en\/wp-json\/wp\/v2\/pages\/4548\/revisions"}],"predecessor-version":[{"id":6781,"href":"https:\/\/spasomaser.com.br\/en\/wp-json\/wp\/v2\/pages\/4548\/revisions\/6781"}],"wp:featuredmedia":[{"embeddable":true,"href":"https:\/\/spasomaser.com.br\/en\/wp-json\/wp\/v2\/media\/4521"}],"wp:attachment":[{"href":"https:\/\/spasomaser.com.br\/en\/wp-json\/wp\/v2\/media?parent=4548"}],"curies":[{"name":"wp","href":"https:\/\/api.w.org\/{rel}","templated":true}]}}