{"id":5044,"date":"2025-07-13T18:57:37","date_gmt":"2025-07-13T18:57:37","guid":{"rendered":"https:\/\/spasomaser.com.br\/?page_id=5044"},"modified":"2026-04-04T16:15:49","modified_gmt":"2026-04-04T16:15:49","slug":"pagamento-individual","status":"publish","type":"page","link":"https:\/\/spasomaser.com.br\/en\/pagamento-individual\/","title":{"rendered":"Finalize sua inscri\u00e7\u00e3o &#8211; Quarto Individual"},"content":{"rendered":"<div data-elementor-type=\"wp-page\" data-elementor-id=\"5044\" class=\"elementor elementor-5044\">\n\t\t\t\t<div class=\"elementor-element elementor-element-4a3002b e-con-full e-flex e-con e-parent\" data-id=\"4a3002b\" data-element_type=\"container\" data-e-type=\"container\" data-settings=\"{&quot;background_background&quot;:&quot;classic&quot;}\">\n\t\t\t\t<div class=\"elementor-element elementor-element-b087187 elementor-widget__width-initial elementor-widget elementor-widget-heading\" data-id=\"b087187\" data-element_type=\"widget\" data-e-type=\"widget\" data-widget_type=\"heading.default\">\n\t\t\t\t<div class=\"elementor-widget-container\">\n\t\t\t\t\t<h2 class=\"elementor-heading-title elementor-size-default\"><b>Awaken the Call of the Sacred Mountains<br><span style=\"font-size: 38px;letter-spacing: normal\">Payment \u2013 Private Room<\/span><\/b><\/h2>\t\t\t\t<\/div>\n\t\t\t\t<\/div>\n\t\t\t\t<\/div>\n\t\t<div class=\"elementor-element elementor-element-b8e6fe8 e-flex e-con-boxed e-con e-parent\" data-id=\"b8e6fe8\" data-element_type=\"container\" data-e-type=\"container\" data-settings=\"{&quot;background_background&quot;:&quot;classic&quot;}\">\n\t\t\t\t\t<div class=\"e-con-inner\">\n\t\t\t\t<div class=\"elementor-element elementor-element-80f9fa6 elementor-widget elementor-widget-text-editor\" data-id=\"80f9fa6\" data-element_type=\"widget\" data-e-type=\"widget\" data-widget_type=\"text-editor.default\">\n\t\t\t\t<div class=\"elementor-widget-container\">\n\t\t\t\t\t\t\t\t\t<p data-start=\"666\" data-end=\"800\">You are one step away from securing your spot on this transformative journey through the Andes.<br data-start=\"749\" data-end=\"752\" \/>Choose below whether you'd like to secure your spot with a deposit or complete the full payment now.<\/p>\t\t\t\t\t\t\t\t<\/div>\n\t\t\t\t<\/div>\n\t\t\t\t\t<\/div>\n\t\t\t\t<\/div>\n\t\t<div class=\"elementor-element elementor-element-0575162 e-flex e-con-boxed e-con e-parent\" data-id=\"0575162\" data-element_type=\"container\" data-e-type=\"container\" data-settings=\"{&quot;background_background&quot;:&quot;classic&quot;}\">\n\t\t\t\t\t<div class=\"e-con-inner\">\n\t\t\t\t<div class=\"elementor-element elementor-element-c7dca39 elementor-widget elementor-widget-text-editor\" data-id=\"c7dca39\" data-element_type=\"widget\" data-e-type=\"widget\" data-widget_type=\"text-editor.default\">\n\t\t\t\t<div class=\"elementor-widget-container\">\n\t\t\t\t\t\t\t\t\t<table><thead><tr><th><img decoding=\"async\" role=\"img\" draggable=\"false\" src=\"https:\/\/s.w.org\/images\/core\/emoji\/15.1.0\/svg\/1fab7.svg\" alt=\"\ud83e\udeb7\" width=\"31\" height=\"31\" \/> <strong>Reservation Deposit<\/strong><\/th><th><img decoding=\"async\" role=\"img\" draggable=\"false\" src=\"https:\/\/s.w.org\/images\/core\/emoji\/15.1.0\/svg\/2728.svg\" alt=\"\u2728\" width=\"42\" height=\"42\" \/> <strong>Full Payment<\/strong><\/th><\/tr><\/thead><tbody><tr><td>Investment: <b>USD 700<\/b><\/td><td>Investment: <b>USD 4400<\/b><\/td><\/tr><tr><td>[Pay with Pix] or [Payment Link]<\/td><td>[Pay with Payment Link] or [Credit card] or [Cash]<\/td><\/tr><\/tbody><\/table>\t\t\t\t\t\t\t\t<\/div>\n\t\t\t\t<\/div>\n\t\t\t\t\t<\/div>\n\t\t\t\t<\/div>\n\t\t<div class=\"elementor-element elementor-element-395f4d4 e-flex e-con-boxed e-con e-parent\" data-id=\"395f4d4\" data-element_type=\"container\" data-e-type=\"container\" data-settings=\"{&quot;background_background&quot;:&quot;classic&quot;}\">\n\t\t\t\t\t<div class=\"e-con-inner\">\n\t\t\t\t<div class=\"elementor-element elementor-element-21f7d85 elementor-widget elementor-widget-heading\" data-id=\"21f7d85\" data-element_type=\"widget\" data-e-type=\"widget\" data-widget_type=\"heading.default\">\n\t\t\t\t<div class=\"elementor-widget-container\">\n\t\t\t\t\t<h2 class=\"elementor-heading-title elementor-size-default\">Fo International Participants<\/h2>\t\t\t\t<\/div>\n\t\t\t\t<\/div>\n\t\t\t\t\t<\/div>\n\t\t\t\t<\/div>\n\t\t<div class=\"elementor-element elementor-element-d349d4d e-flex e-con-boxed e-con e-parent\" data-id=\"d349d4d\" data-element_type=\"container\" data-e-type=\"container\" data-settings=\"{&quot;background_background&quot;:&quot;classic&quot;}\">\n\t\t\t\t\t<div class=\"e-con-inner\">\n\t\t<div class=\"elementor-element elementor-element-8bcfb4f e-con-full e-flex e-con e-child\" data-id=\"8bcfb4f\" data-element_type=\"container\" data-e-type=\"container\" data-settings=\"{&quot;background_background&quot;:&quot;classic&quot;}\">\n\t\t\t\t<div class=\"elementor-element elementor-element-f5b3155 elementor-widget elementor-widget-heading\" data-id=\"f5b3155\" data-element_type=\"widget\" data-e-type=\"widget\" data-widget_type=\"heading.default\">\n\t\t\t\t<div class=\"elementor-widget-container\">\n\t\t\t\t\t<h2 class=\"elementor-heading-title elementor-size-default\">Payment Link<\/h2>\t\t\t\t<\/div>\n\t\t\t\t<\/div>\n\t\t\t\t<\/div>\n\t\t\t\t\t<\/div>\n\t\t\t\t<\/div>\n\t\t<div class=\"elementor-element elementor-element-37efe7c e-flex e-con-boxed e-con e-parent\" data-id=\"37efe7c\" data-element_type=\"container\" data-e-type=\"container\" data-settings=\"{&quot;background_background&quot;:&quot;classic&quot;}\">\n\t\t\t\t\t<div class=\"e-con-inner\">\n\t\t\t\t<div class=\"elementor-element elementor-element-5c63f3b elementor-widget elementor-widget-text-editor\" data-id=\"5c63f3b\" data-element_type=\"widget\" data-e-type=\"widget\" data-widget_type=\"text-editor.default\">\n\t\t\t\t<div class=\"elementor-widget-container\">\n\t\t\t\t\t\t\t\t\t<p><b>First Payment:<\/b> To confirm your reservation, a non-refundable deposit of <b>USD 700<\/b>\u00a0per person.<\/p><p>Qori Qilka Adventures covers the processing fees with the first payment. So, there is no fee in the first payment.<\/p><p><b>Second Payment:<\/b> A subsequent payment of 50% of the total amount must be completed no later\nthan <b>September 30,<\/b> 2026. However, from the second payment\nonward, the client will cover the processing fees, which are 6%. Or you can pay the total amount of <b>USD 4400<\/b>\u00a0to avoid fees.<\/p><p><b>Final Payment:<\/b> The remaining balance may be settled in cash upon arrival in Cusco or by credit card<\/p><p>prior to the retreat. Please note that all credit card payments are subject to a 7% processing fee.<\/p><p><img decoding=\"async\" class=\"emoji\" role=\"img\" draggable=\"false\" src=\"https:\/\/s.w.org\/images\/core\/emoji\/15.1.0\/svg\/1f4cc.svg\" alt=\"\ud83d\udccc\" \/> After payment, please, send the receipt to:<br data-start=\"1308\" data-end=\"1311\" \/><b>WhatsApp: +55 73 99134-5058<\/b><\/p><p>Confirmation: Upon receipt of your deposit, you will receive a confirmation email along with a PDF\ncopy\u00a0<span style=\"font-style: inherit; font-weight: inherit;\">of these Terms and Conditions. By proceeding with your booking, you acknowledge and accept\nthese<\/span><span style=\"font-style: inherit; font-weight: inherit;\">Terms and Conditions, and the contract becomes valid.<\/span><\/p>\t\t\t\t\t\t\t\t<\/div>\n\t\t\t\t<\/div>\n\t\t\t\t\t<\/div>\n\t\t\t\t<\/div>\n\t\t<div class=\"elementor-element elementor-element-e4cef0f e-flex e-con-boxed e-con e-parent\" data-id=\"e4cef0f\" data-element_type=\"container\" data-e-type=\"container\" data-settings=\"{&quot;background_background&quot;:&quot;classic&quot;}\">\n\t\t\t\t\t<div class=\"e-con-inner\">\n\t\t\t\t<div class=\"elementor-element elementor-element-ef0919c elementor-widget elementor-widget-heading\" data-id=\"ef0919c\" data-element_type=\"widget\" data-e-type=\"widget\" data-widget_type=\"heading.default\">\n\t\t\t\t<div class=\"elementor-widget-container\">\n\t\t\t\t\t<h2 class=\"elementor-heading-title elementor-size-default\">For residents from Brazil<\/h2>\t\t\t\t<\/div>\n\t\t\t\t<\/div>\n\t\t\t\t\t<\/div>\n\t\t\t\t<\/div>\n\t\t<div class=\"elementor-element elementor-element-26d9712 e-flex e-con-boxed e-con e-parent\" data-id=\"26d9712\" data-element_type=\"container\" data-e-type=\"container\" data-settings=\"{&quot;background_background&quot;:&quot;classic&quot;}\">\n\t\t\t\t\t<div class=\"e-con-inner\">\n\t\t\t\t<div class=\"elementor-element elementor-element-6f9f2e1 elementor-widget elementor-widget-heading\" data-id=\"6f9f2e1\" data-element_type=\"widget\" data-e-type=\"widget\" data-widget_type=\"heading.default\">\n\t\t\t\t<div class=\"elementor-widget-container\">\n\t\t\t\t\t<h2 class=\"elementor-heading-title elementor-size-default\">Full Pix payment<\/h2>\t\t\t\t<\/div>\n\t\t\t\t<\/div>\n\t\t\t\t\t<\/div>\n\t\t\t\t<\/div>\n\t\t<div class=\"elementor-element elementor-element-19f8adf e-flex e-con-boxed e-con e-parent\" data-id=\"19f8adf\" data-element_type=\"container\" data-e-type=\"container\" data-settings=\"{&quot;background_background&quot;:&quot;classic&quot;}\">\n\t\t\t\t\t<div class=\"e-con-inner\">\n\t\t\t\t<div class=\"elementor-element elementor-element-9cfb598 elementor-widget elementor-widget-text-editor\" data-id=\"9cfb598\" data-element_type=\"widget\" data-e-type=\"widget\" data-widget_type=\"text-editor.default\">\n\t\t\t\t<div class=\"elementor-widget-container\">\n\t\t\t\t\t\t\t\t\t<p>You can pay <strong data-start=\"454\" data-end=\"476\">a dep\u00f3sit of USD 700<\/strong> to secure your place\u00a0<\/p><p data-start=\"907\" data-end=\"979\">Use the Pix Key:<br data-start=\"949\" data-end=\"952\" \/><img decoding=\"async\" class=\"emoji\" role=\"img\" draggable=\"false\" src=\"https:\/\/s.w.org\/images\/core\/emoji\/15.1.0\/svg\/1f511.svg\" alt=\"\ud83d\udd11\" \/> <strong data-start=\"955\" data-end=\"979\">[CNPJ 50028293000193]\u00a0<\/strong><span style=\"font-style: inherit;\" data-start=\"955\" data-end=\"979\">In name of Let\u00edcia Sim\u00f5es de Castro for the dep\u00f3sit<\/span><\/p><p style=\"font-size: 21px; font-style: normal; font-weight: 400;\">or the total amount with Payment Link (the same offered for the international participants)<\/p><p style=\"font-size: 21px; font-style: normal; font-weight: 400;\"><span style=\"font-weight: bold;\" data-start=\"856\" data-end=\"906\"><img decoding=\"async\" class=\"emoji\" role=\"img\" draggable=\"false\" src=\"https:\/\/s.w.org\/images\/core\/emoji\/15.1.0\/svg\/1f46b.svg\" alt=\"\ud83d\udc6b\" \/>\u00a0Private room: USD 4400<\/span><\/p><p data-start=\"981\" data-end=\"1105\"><img decoding=\"async\" class=\"emoji\" role=\"img\" draggable=\"false\" src=\"https:\/\/s.w.org\/images\/core\/emoji\/15.1.0\/svg\/1f4e9.svg\" alt=\"\ud83d\udce9\" \/> After payment, send the receipt with your full name to:<br data-start=\"1049\" data-end=\"1052\" \/><strong data-start=\"1052\" data-end=\"1078\">WhatsApp:+55 73 991345058<\/strong><\/p><p data-start=\"981\" data-end=\"1105\"><strong data-start=\"1052\" data-end=\"1078\"><span style=\"font-weight: 400;\">Confirmation: Upon receipt of your deposit, you will receive a confirmation email along with a PDF\ncopy\u00a0<\/span><span style=\"font-style: inherit; font-weight: inherit;\">of these Terms and Conditions. By proceeding with your booking, you acknowledge and accept\nthese<\/span><span style=\"font-style: inherit; font-weight: inherit;\">Terms and Conditions, and the contract becomes valid.<\/span><\/strong><\/p><p data-start=\"981\" data-end=\"1105\"><strong data-start=\"1052\" data-end=\"1078\"><span style=\"font-style: inherit; font-weight: inherit;\">*Dollar values \u200b\u200bwill be converted to Brazilian Real at the time of payment.<\/span><\/strong><\/p>\t\t\t\t\t\t\t\t<\/div>\n\t\t\t\t<\/div>\n\t\t\t\t\t<\/div>\n\t\t\t\t<\/div>\n\t\t<div class=\"elementor-element elementor-element-cabf2b4 e-flex e-con-boxed e-con e-parent\" data-id=\"cabf2b4\" data-element_type=\"container\" data-e-type=\"container\" data-settings=\"{&quot;background_background&quot;:&quot;classic&quot;}\">\n\t\t\t\t\t<div class=\"e-con-inner\">\n\t\t\t\t<div class=\"elementor-element elementor-element-e1420ea elementor-widget elementor-widget-heading\" data-id=\"e1420ea\" data-element_type=\"widget\" data-e-type=\"widget\" data-widget_type=\"heading.default\">\n\t\t\t\t<div class=\"elementor-widget-container\">\n\t\t\t\t\t<h2 class=\"elementor-heading-title elementor-size-default\">Mercado Pago - Credit Card (Installments in up to 10 payments with fees)<\/h2>\t\t\t\t<\/div>\n\t\t\t\t<\/div>\n\t\t\t\t\t<\/div>\n\t\t\t\t<\/div>\n\t\t<div class=\"elementor-element elementor-element-1076186 e-flex e-con-boxed e-con e-parent\" data-id=\"1076186\" data-element_type=\"container\" data-e-type=\"container\" data-settings=\"{&quot;background_background&quot;:&quot;classic&quot;}\">\n\t\t\t\t\t<div class=\"e-con-inner\">\n\t\t\t\t<div class=\"elementor-element elementor-element-c2efff2 elementor-widget elementor-widget-text-editor\" data-id=\"c2efff2\" data-element_type=\"widget\" data-e-type=\"widget\" data-widget_type=\"text-editor.default\">\n\t\t\t\t<div class=\"elementor-widget-container\">\n\t\t\t\t\t\t\t\t\t<p>After paying the<strong data-start=\"454\" data-end=\"476\">&nbsp;deposit of *USD 700 (dollars) via Pix, <\/strong>&nbsp;you can split <b>50% of the payment until September 30th<\/b> using the <b>Mercado Pago link<\/b> (with fees);&nbsp;<\/p>\n<p><b>Second payment<\/b> \u2013 \u200b\u200bIf you wish to pay with the Mercado Pago link, contact us via WhatsApp to request the link and specify how many installments you want.<\/p>\n<p><b>Final payment<\/b> &#8211;&nbsp;50% restante do pagamento<b> <\/b>deve ser realizado at\u00e9 antes do retiro em dinheiro ou com cart\u00e3o de cr\u00e9dito&nbsp;diretamente para&nbsp;<span style=\"font-size: 1rem;\">Qori Qilka Adventures<\/span><span style=\"font-style: inherit;\">&nbsp;<\/span><span style=\"font-style: inherit; font-weight: inherit;\">(7% processing fee) in Peru.<\/span><\/p>\n<p><span style=\"font-style: inherit; font-weight: inherit;\">If you choose <\/span><span style=\"font-style: inherit;\"><b>to pay the total amount of the retreat upfront,<\/b><\/span><span style=\"font-style: inherit; font-weight: inherit;\">you can request the payment link (the same one used for international participants, <\/span><span style=\"font-style: inherit;\"><b>without processing fees).<\/b><\/span><span style=\"font-style: inherit; font-weight: inherit;\">)<\/span><\/p>\n<p><strong data-start=\"856\" data-end=\"906\"><img decoding=\"async\" class=\"emoji\" role=\"img\" draggable=\"false\" src=\"https:\/\/s.w.org\/images\/core\/emoji\/15.1.0\/svg\/1f46b.svg\" alt=\"\ud83d\udc6b\"> Private room: USD 4400<\/strong><\/p>\n<p><strong data-start=\"856\" data-end=\"906\"><span data-start=\"1052\" data-end=\"1078\"><span style=\"font-style: inherit; font-weight: inherit;\">*Dollar values \u200b\u200bwill be converted to Brazilian Real at the time of payment.<\/span><\/span><\/strong><\/p>\t\t\t\t\t\t\t\t<\/div>\n\t\t\t\t<\/div>\n\t\t\t\t\t<\/div>\n\t\t\t\t<\/div>\n\t\t<div class=\"elementor-element elementor-element-ae4b7e4 e-flex e-con-boxed e-con e-parent\" data-id=\"ae4b7e4\" data-element_type=\"container\" data-e-type=\"container\" data-settings=\"{&quot;background_background&quot;:&quot;classic&quot;}\">\n\t\t\t\t\t<div class=\"e-con-inner\">\n\t\t\t\t<div class=\"elementor-element elementor-element-0419dc7 elementor-widget elementor-widget-text-editor\" data-id=\"0419dc7\" data-element_type=\"widget\" data-e-type=\"widget\" data-widget_type=\"text-editor.default\">\n\t\t\t\t<div class=\"elementor-widget-container\">\n\t\t\t\t\t\t\t\t\t<p><img decoding=\"async\" class=\"emoji\" role=\"img\" draggable=\"false\" src=\"https:\/\/s.w.org\/images\/core\/emoji\/15.1.0\/svg\/1f4cc.svg\" alt=\"\ud83d\udccc\" \/>After payment, please, send the receipt to:<br data-start=\"1308\" data-end=\"1311\" \/>WhatsApp: +55 73 99134-5058<\/p><p><span style=\"font-weight: bold;\" data-start=\"1052\" data-end=\"1078\"><span style=\"font-weight: 400;\">Confirmation: Upon receipt of your deposit, you will receive a confirmation email along with a PDF\ncopy\u00a0<\/span><span style=\"font-style: inherit; font-weight: inherit;\">of these Terms and Conditions. By proceeding with your booking, you acknowledge and accept\nthese<\/span><span style=\"font-style: inherit; font-weight: inherit;\">Terms and Conditions, and the contract becomes valid.<\/span><\/span><\/p>\t\t\t\t\t\t\t\t<\/div>\n\t\t\t\t<\/div>\n\t\t\t\t\t<\/div>\n\t\t\t\t<\/div>\n\t\t<div class=\"elementor-element elementor-element-ba84c26 e-flex e-con-boxed e-con e-parent\" data-id=\"ba84c26\" data-element_type=\"container\" data-e-type=\"container\" data-settings=\"{&quot;background_background&quot;:&quot;classic&quot;}\">\n\t\t\t\t\t<div class=\"e-con-inner\">\n\t\t\t\t<div class=\"elementor-element elementor-element-807575b elementor-widget elementor-widget-text-editor\" data-id=\"807575b\" data-element_type=\"widget\" data-e-type=\"widget\" data-widget_type=\"text-editor.default\">\n\t\t\t\t<div class=\"elementor-widget-container\">\n\t\t\t\t\t\t\t\t\t<p>\ud83c\udf3f This is a calling to your soul.<br data-start=\"1974\" data-end=\"1977\" \/>We are here for guide you in each step<\/p>\t\t\t\t\t\t\t\t<\/div>\n\t\t\t\t<\/div>\n\t\t\t\t\t<\/div>\n\t\t\t\t<\/div>\n\t\t\t\t<\/div>","protected":false},"excerpt":{"rendered":"<p>Desperte o chamado das Montanhas SagradaFinalize sua inscri\u00e7\u00e3o &#8211; Quarto Individual Voc\u00ea est\u00e1 a um passo de garantir sua vaga nessa jornada transformadora pelos Andes.Escolha abaixo sua forma de pagamento preferida: SINAL DE RESERVA PAGAMENTO TOTAL Valor: USD 700 Valor: USD 4400 [Pagar com Pix] ou [Link de Pagamento] [Pagar com Link de Pagamento] ou [&hellip;]<\/p>","protected":false},"author":1,"featured_media":0,"parent":0,"menu_order":0,"comment_status":"closed","ping_status":"closed","template":"elementor_canvas","meta":{"site-sidebar-layout":"no-sidebar","site-content-layout":"page-builder","ast-site-content-layout":"full-width-container","site-content-style":"default","site-sidebar-style":"default","ast-global-header-display":"","ast-banner-title-visibility":"","ast-main-header-display":"","ast-hfb-above-header-display":"","ast-hfb-below-header-display":"","ast-hfb-mobile-header-display":"","site-post-title":"disabled","ast-breadcrumbs-content":"","ast-featured-img":"disabled","footer-sml-layout":"","ast-disable-related-posts":"","theme-transparent-header-meta":"","adv-header-id-meta":"","stick-header-meta":"","header-above-stick-meta":"","header-main-stick-meta":"","header-below-stick-meta":"","astra-migrate-meta-layouts":"default","ast-page-background-enabled":"default","ast-page-background-meta":{"desktop":{"background-color":"var(--ast-global-color-4)","background-image":"","background-repeat":"repeat","background-position":"center center","background-size":"auto","background-attachment":"scroll","background-type":"","background-media":"","overlay-type":"","overlay-color":"","overlay-opacity":"","overlay-gradient":""},"tablet":{"background-color":"","background-image":"","background-repeat":"repeat","background-position":"center center","background-size":"auto","background-attachment":"scroll","background-type":"","background-media":"","overlay-type":"","overlay-color":"","overlay-opacity":"","overlay-gradient":""},"mobile":{"background-color":"","background-image":"","background-repeat":"repeat","background-position":"center center","background-size":"auto","background-attachment":"scroll","background-type":"","background-media":"","overlay-type":"","overlay-color":"","overlay-opacity":"","overlay-gradient":""}},"ast-content-background-meta":{"desktop":{"background-color":"var(--ast-global-color-5)","background-image":"","background-repeat":"repeat","background-position":"center center","background-size":"auto","background-attachment":"scroll","background-type":"","background-media":"","overlay-type":"","overlay-color":"","overlay-opacity":"","overlay-gradient":""},"tablet":{"background-color":"var(--ast-global-color-5)","background-image":"","background-repeat":"repeat","background-position":"center center","background-size":"auto","background-attachment":"scroll","background-type":"","background-media":"","overlay-type":"","overlay-color":"","overlay-opacity":"","overlay-gradient":""},"mobile":{"background-color":"var(--ast-global-color-5)","background-image":"","background-repeat":"repeat","background-position":"center center","background-size":"auto","background-attachment":"scroll","background-type":"","background-media":"","overlay-type":"","overlay-color":"","overlay-opacity":"","overlay-gradient":""}},"footnotes":""},"class_list":["post-5044","page","type-page","status-publish","hentry"],"aioseo_notices":[],"_links":{"self":[{"href":"https:\/\/spasomaser.com.br\/en\/wp-json\/wp\/v2\/pages\/5044","targetHints":{"allow":["GET"]}}],"collection":[{"href":"https:\/\/spasomaser.com.br\/en\/wp-json\/wp\/v2\/pages"}],"about":[{"href":"https:\/\/spasomaser.com.br\/en\/wp-json\/wp\/v2\/types\/page"}],"author":[{"embeddable":true,"href":"https:\/\/spasomaser.com.br\/en\/wp-json\/wp\/v2\/users\/1"}],"replies":[{"embeddable":true,"href":"https:\/\/spasomaser.com.br\/en\/wp-json\/wp\/v2\/comments?post=5044"}],"version-history":[{"count":111,"href":"https:\/\/spasomaser.com.br\/en\/wp-json\/wp\/v2\/pages\/5044\/revisions"}],"predecessor-version":[{"id":6707,"href":"https:\/\/spasomaser.com.br\/en\/wp-json\/wp\/v2\/pages\/5044\/revisions\/6707"}],"wp:attachment":[{"href":"https:\/\/spasomaser.com.br\/en\/wp-json\/wp\/v2\/media?parent=5044"}],"curies":[{"name":"wp","href":"https:\/\/api.w.org\/{rel}","templated":true}]}}