{"id":5356,"date":"2025-08-12T13:25:13","date_gmt":"2025-08-12T13:25:13","guid":{"rendered":"https:\/\/spasomaser.com.br\/?page_id=5356"},"modified":"2026-03-25T20:02:35","modified_gmt":"2026-03-25T20:02:35","slug":"filhas-da-lua-finalize-sua-inscricao","status":"publish","type":"page","link":"https:\/\/spasomaser.com.br\/en\/filhas-da-lua-finalize-sua-inscricao\/","title":{"rendered":"Filhas da Lua &#8211; Finalize sua inscri\u00e7\u00e3o"},"content":{"rendered":"<div data-elementor-type=\"wp-page\" data-elementor-id=\"5356\" class=\"elementor elementor-5356\">\n\t\t\t\t<div class=\"elementor-element elementor-element-4a3002b e-con-full e-flex e-con e-parent\" data-id=\"4a3002b\" data-element_type=\"container\" data-e-type=\"container\" data-settings=\"{&quot;background_background&quot;:&quot;classic&quot;}\">\n\t\t\t\t<div class=\"elementor-element elementor-element-b087187 elementor-widget__width-initial elementor-widget elementor-widget-heading\" data-id=\"b087187\" data-element_type=\"widget\" data-e-type=\"widget\" data-widget_type=\"heading.default\">\n\t\t\t\t<div class=\"elementor-widget-container\">\n\t\t\t\t\t<h2 class=\"elementor-heading-title elementor-size-default\"><img decoding=\"async\" role=\"img\" class=\"emoji\" alt=\"\ud83c\udf15\" src=\"https:\/\/s.w.org\/images\/core\/emoji\/16.0.1\/svg\/1f315.svg\">Filhas da Lua<br>Finalize sua inscri\u00e7\u00e3o <\/h2>\t\t\t\t<\/div>\n\t\t\t\t<\/div>\n\t\t\t\t<\/div>\n\t\t<div class=\"elementor-element elementor-element-b8e6fe8 e-flex e-con-boxed e-con e-parent\" data-id=\"b8e6fe8\" data-element_type=\"container\" data-e-type=\"container\" data-settings=\"{&quot;background_background&quot;:&quot;classic&quot;}\">\n\t\t\t\t\t<div class=\"e-con-inner\">\n\t\t\t\t<div class=\"elementor-element elementor-element-80f9fa6 elementor-widget elementor-widget-text-editor\" data-id=\"80f9fa6\" data-element_type=\"widget\" data-e-type=\"widget\" data-widget_type=\"text-editor.default\">\n\t\t\t\t<div class=\"elementor-widget-container\">\n\t\t\t\t\t\t\t\t\t<p data-start=\"666\" data-end=\"800\">Voc\u00ea est\u00e1 a um passo de garantir sua vaga nessa jornada transformadora em Paraty.<br data-start=\"749\" data-end=\"752\" \/>Choose below whether you'd like to secure your spot with a deposit or complete the full payment now.<\/p>\t\t\t\t\t\t\t\t<\/div>\n\t\t\t\t<\/div>\n\t\t\t\t\t<\/div>\n\t\t\t\t<\/div>\n\t\t<div class=\"elementor-element elementor-element-0575162 e-flex e-con-boxed e-con e-parent\" data-id=\"0575162\" data-element_type=\"container\" data-e-type=\"container\" data-settings=\"{&quot;background_background&quot;:&quot;gradient&quot;}\">\n\t\t\t\t\t<div class=\"e-con-inner\">\n\t\t\t\t<div class=\"elementor-element elementor-element-c7dca39 elementor-widget elementor-widget-text-editor\" data-id=\"c7dca39\" data-element_type=\"widget\" data-e-type=\"widget\" data-widget_type=\"text-editor.default\">\n\t\t\t\t<div class=\"elementor-widget-container\">\n\t\t\t\t\t\t\t\t\t<p>\u00a0<\/p><table><thead><tr><th><img decoding=\"async\" role=\"img\" draggable=\"false\" src=\"https:\/\/s.w.org\/images\/core\/emoji\/15.1.0\/svg\/1fab7.svg\" alt=\"\ud83e\udeb7\" width=\"31\" height=\"31\" \/> <strong>Reservation Deposit<\/strong><\/th><th><img decoding=\"async\" role=\"img\" draggable=\"false\" src=\"https:\/\/s.w.org\/images\/core\/emoji\/15.1.0\/svg\/2728.svg\" alt=\"\u2728\" width=\"42\" height=\"42\" \/> <strong>Full Payment<\/strong><\/th><\/tr><\/thead><tbody><tr><td>Investment: <b>R$ 1500,00<br \/>* pagamento do sinal at\u00e9 21 de julho<\/b><\/td><td><ul><li data-start=\"1777\" data-end=\"1822\"><p data-start=\"1779\" data-end=\"1822\">Quarto (compartilhado &#8211; 3 pessoas) \u2014 <strong data-start=\"1805\" data-end=\"1820\">R$ 5.326,00<\/strong><\/p><\/li><li data-start=\"1823\" data-end=\"1874\"><p data-start=\"1825\" data-end=\"1874\"><span style=\"font-style: inherit; font-weight: inherit; background-color: transparent;\">Quarto (compartilhado &#8211; 2 pessoas) \u2014 <\/span><strong style=\"font-style: inherit; background-color: transparent;\" data-start=\"2012\" data-end=\"2027\">R$ 5.459,00\u00a0<\/strong><\/p><\/li><li><strong style=\"font-style: inherit; background-color: transparent;\" data-start=\"2012\" data-end=\"2027\">pagamento at\u00e9 21 de agosto<\/strong><\/li><\/ul><\/td><\/tr><tr><td>[Pagar com Pix]\u00a0<\/td><td>[Pagar com Pix] ou [Mercado Pago]\u00a0<\/td><\/tr><\/tbody><\/table>\t\t\t\t\t\t\t\t<\/div>\n\t\t\t\t<\/div>\n\t\t\t\t\t<\/div>\n\t\t\t\t<\/div>\n\t\t<div class=\"elementor-element elementor-element-84fe7b7 e-con-full e-flex e-con e-parent\" data-id=\"84fe7b7\" data-element_type=\"container\" data-e-type=\"container\" data-settings=\"{&quot;background_background&quot;:&quot;classic&quot;}\">\n\t\t<div class=\"elementor-element elementor-element-20ea7ab e-con-full e-flex e-con e-child\" data-id=\"20ea7ab\" data-element_type=\"container\" data-e-type=\"container\">\n\t\t\t\t<div class=\"elementor-element elementor-element-5b892fa elementor-widget elementor-widget-image\" data-id=\"5b892fa\" data-element_type=\"widget\" data-e-type=\"widget\" data-widget_type=\"image.default\">\n\t\t\t\t<div class=\"elementor-widget-container\">\n\t\t\t\t\t\t\t\t\t\t\t\t\t\t\t<img fetchpriority=\"high\" decoding=\"async\" width=\"590\" height=\"983\" src=\"https:\/\/spasomaser.com.br\/wp-content\/uploads\/2026\/03\/WhatsApp-Image-2026-03-12-at-13.32.45-2-e1773413250345.jpeg\" class=\"attachment-full size-full wp-image-6328\" alt=\"\" srcset=\"https:\/\/spasomaser.com.br\/wp-content\/uploads\/2026\/03\/WhatsApp-Image-2026-03-12-at-13.32.45-2-e1773413250345.jpeg 590w, https:\/\/spasomaser.com.br\/wp-content\/uploads\/2026\/03\/WhatsApp-Image-2026-03-12-at-13.32.45-2-e1773413250345-180x300.jpeg 180w, https:\/\/spasomaser.com.br\/wp-content\/uploads\/2026\/03\/WhatsApp-Image-2026-03-12-at-13.32.45-2-e1773413250345-7x12.jpeg 7w\" sizes=\"(max-width: 590px) 100vw, 590px\" \/>\t\t\t\t\t\t\t\t\t\t\t\t\t\t\t<\/div>\n\t\t\t\t<\/div>\n\t\t\t\t<\/div>\n\t\t<div class=\"elementor-element elementor-element-292c311 e-con-full e-flex e-con e-child\" data-id=\"292c311\" data-element_type=\"container\" data-e-type=\"container\">\n\t\t\t\t<div class=\"elementor-element elementor-element-15aacbc elementor-widget elementor-widget-image\" data-id=\"15aacbc\" data-element_type=\"widget\" data-e-type=\"widget\" data-widget_type=\"image.default\">\n\t\t\t\t<div class=\"elementor-widget-container\">\n\t\t\t\t\t\t\t\t\t\t\t\t\t\t\t<img loading=\"lazy\" decoding=\"async\" width=\"768\" height=\"1024\" src=\"https:\/\/spasomaser.com.br\/wp-content\/uploads\/2026\/03\/WhatsApp-Image-2026-03-19-at-14.52.48-768x1024.jpeg\" class=\"attachment-large size-large wp-image-6405\" alt=\"\" srcset=\"https:\/\/spasomaser.com.br\/wp-content\/uploads\/2026\/03\/WhatsApp-Image-2026-03-19-at-14.52.48-768x1024.jpeg 768w, https:\/\/spasomaser.com.br\/wp-content\/uploads\/2026\/03\/WhatsApp-Image-2026-03-19-at-14.52.48-225x300.jpeg 225w, https:\/\/spasomaser.com.br\/wp-content\/uploads\/2026\/03\/WhatsApp-Image-2026-03-19-at-14.52.48-1152x1536.jpeg 1152w, https:\/\/spasomaser.com.br\/wp-content\/uploads\/2026\/03\/WhatsApp-Image-2026-03-19-at-14.52.48-9x12.jpeg 9w, https:\/\/spasomaser.com.br\/wp-content\/uploads\/2026\/03\/WhatsApp-Image-2026-03-19-at-14.52.48.jpeg 1200w\" sizes=\"(max-width: 768px) 100vw, 768px\" \/>\t\t\t\t\t\t\t\t\t\t\t\t\t\t\t<\/div>\n\t\t\t\t<\/div>\n\t\t\t\t<\/div>\n\t\t<div class=\"elementor-element elementor-element-c05aed9 e-con-full e-flex e-con e-child\" data-id=\"c05aed9\" data-element_type=\"container\" data-e-type=\"container\">\n\t\t\t\t<div class=\"elementor-element elementor-element-a01c137 elementor-widget elementor-widget-image\" data-id=\"a01c137\" data-element_type=\"widget\" data-e-type=\"widget\" data-widget_type=\"image.default\">\n\t\t\t\t<div class=\"elementor-widget-container\">\n\t\t\t\t\t\t\t\t\t\t\t\t\t\t\t<img loading=\"lazy\" decoding=\"async\" width=\"800\" height=\"855\" src=\"https:\/\/spasomaser.com.br\/wp-content\/uploads\/2026\/03\/ChatGPT-Image-13-de-mar.-de-2026-11_29_38-e1774135004387.png\" class=\"attachment-full size-full wp-image-6319\" alt=\"\" srcset=\"https:\/\/spasomaser.com.br\/wp-content\/uploads\/2026\/03\/ChatGPT-Image-13-de-mar.-de-2026-11_29_38-e1774135004387.png 800w, https:\/\/spasomaser.com.br\/wp-content\/uploads\/2026\/03\/ChatGPT-Image-13-de-mar.-de-2026-11_29_38-e1774135004387-281x300.png 281w, https:\/\/spasomaser.com.br\/wp-content\/uploads\/2026\/03\/ChatGPT-Image-13-de-mar.-de-2026-11_29_38-e1774135004387-768x821.png 768w, https:\/\/spasomaser.com.br\/wp-content\/uploads\/2026\/03\/ChatGPT-Image-13-de-mar.-de-2026-11_29_38-e1774135004387-11x12.png 11w\" sizes=\"(max-width: 800px) 100vw, 800px\" \/>\t\t\t\t\t\t\t\t\t\t\t\t\t\t\t<\/div>\n\t\t\t\t<\/div>\n\t\t\t\t<\/div>\n\t\t\t\t<div class=\"elementor-element elementor-element-f82ad69 elementor-widget elementor-widget-image\" data-id=\"f82ad69\" data-element_type=\"widget\" data-e-type=\"widget\" data-widget_type=\"image.default\">\n\t\t\t\t<div class=\"elementor-widget-container\">\n\t\t\t\t\t\t\t\t\t\t\t\t\t\t\t<img loading=\"lazy\" decoding=\"async\" width=\"227\" height=\"300\" src=\"https:\/\/spasomaser.com.br\/wp-content\/uploads\/2026\/03\/WhatsApp-Image-2026-03-19-at-14.52.47-e1774135326241-227x300.jpeg\" class=\"attachment-medium size-medium wp-image-6406\" alt=\"\" srcset=\"https:\/\/spasomaser.com.br\/wp-content\/uploads\/2026\/03\/WhatsApp-Image-2026-03-19-at-14.52.47-e1774135326241-227x300.jpeg 227w, https:\/\/spasomaser.com.br\/wp-content\/uploads\/2026\/03\/WhatsApp-Image-2026-03-19-at-14.52.47-e1774135326241-9x12.jpeg 9w, https:\/\/spasomaser.com.br\/wp-content\/uploads\/2026\/03\/WhatsApp-Image-2026-03-19-at-14.52.47-e1774135326241.jpeg 666w\" sizes=\"(max-width: 227px) 100vw, 227px\" \/>\t\t\t\t\t\t\t\t\t\t\t\t\t\t\t<\/div>\n\t\t\t\t<\/div>\n\t\t\t\t<\/div>\n\t\t<div class=\"elementor-element elementor-element-26d9712 e-flex e-con-boxed e-con e-parent\" data-id=\"26d9712\" data-element_type=\"container\" data-e-type=\"container\" data-settings=\"{&quot;background_background&quot;:&quot;classic&quot;}\">\n\t\t\t\t\t<div class=\"e-con-inner\">\n\t\t\t\t<div class=\"elementor-element elementor-element-6f9f2e1 elementor-widget elementor-widget-heading\" data-id=\"6f9f2e1\" data-element_type=\"widget\" data-e-type=\"widget\" data-widget_type=\"heading.default\">\n\t\t\t\t<div class=\"elementor-widget-container\">\n\t\t\t\t\t<h2 class=\"elementor-heading-title elementor-size-default\">Full Pix payment<\/h2>\t\t\t\t<\/div>\n\t\t\t\t<\/div>\n\t\t\t\t\t<\/div>\n\t\t\t\t<\/div>\n\t\t<div class=\"elementor-element elementor-element-19f8adf e-flex e-con-boxed e-con e-parent\" data-id=\"19f8adf\" data-element_type=\"container\" data-e-type=\"container\" data-settings=\"{&quot;background_background&quot;:&quot;gradient&quot;}\">\n\t\t\t\t\t<div class=\"e-con-inner\">\n\t\t\t\t<div class=\"elementor-element elementor-element-9cfb598 elementor-widget elementor-widget-text-editor\" data-id=\"9cfb598\" data-element_type=\"widget\" data-e-type=\"widget\" data-widget_type=\"text-editor.default\">\n\t\t\t\t<div class=\"elementor-widget-container\">\n\t\t\t\t\t\t\t\t\t<p>Choose whether you'd like to secure your spot paying <strong data-start=\"454\" data-end=\"476\">o sinal de R$1500,00<\/strong> or complete the full payment now.<\/p><p><span style=\"font-style: inherit; font-weight: inherit;\">Use the Pix Key:<\/span><\/p><p data-start=\"907\" data-end=\"979\"><img decoding=\"async\" class=\"emoji\" role=\"img\" draggable=\"false\" src=\"https:\/\/s.w.org\/images\/core\/emoji\/15.1.0\/svg\/1f511.svg\" alt=\"\ud83d\udd11\" \/> <strong data-start=\"955\" data-end=\"979\">[CPF 80592031500]<\/strong><\/p><p data-start=\"907\" data-end=\"979\"><strong data-start=\"955\" data-end=\"979\">In name of Let\u00edcia Sim\u00f5es de Castro<\/strong><\/p><p data-start=\"981\" data-end=\"1105\"><img decoding=\"async\" class=\"emoji\" role=\"img\" draggable=\"false\" src=\"https:\/\/s.w.org\/images\/core\/emoji\/15.1.0\/svg\/1f4e9.svg\" alt=\"\ud83d\udce9\" \/> After payment, send the receipt with your full name to:<br data-start=\"1049\" data-end=\"1052\" \/><strong data-start=\"1052\" data-end=\"1078\">WhatsApp:+55 73 991345058<\/strong><\/p>\t\t\t\t\t\t\t\t<\/div>\n\t\t\t\t<\/div>\n\t\t\t\t\t<\/div>\n\t\t\t\t<\/div>\n\t\t<div class=\"elementor-element elementor-element-cabf2b4 e-flex e-con-boxed e-con e-parent\" data-id=\"cabf2b4\" data-element_type=\"container\" data-e-type=\"container\" data-settings=\"{&quot;background_background&quot;:&quot;classic&quot;}\">\n\t\t\t\t\t<div class=\"e-con-inner\">\n\t\t\t\t<div class=\"elementor-element elementor-element-e1420ea elementor-widget elementor-widget-heading\" data-id=\"e1420ea\" data-element_type=\"widget\" data-e-type=\"widget\" data-widget_type=\"heading.default\">\n\t\t\t\t<div class=\"elementor-widget-container\">\n\t\t\t\t\t<h2 class=\"elementor-heading-title elementor-size-default\">Mercado Pago - Cart\u00e3o de Cr\u00e9dito (dividido em at\u00e9 6 vezes com taxas)<\/h2>\t\t\t\t<\/div>\n\t\t\t\t<\/div>\n\t\t\t\t\t<\/div>\n\t\t\t\t<\/div>\n\t\t<div class=\"elementor-element elementor-element-1076186 e-flex e-con-boxed e-con e-parent\" data-id=\"1076186\" data-element_type=\"container\" data-e-type=\"container\" data-settings=\"{&quot;background_background&quot;:&quot;gradient&quot;}\">\n\t\t\t\t\t<div class=\"e-con-inner\">\n\t\t\t\t<div class=\"elementor-element elementor-element-c2efff2 elementor-widget elementor-widget-text-editor\" data-id=\"c2efff2\" data-element_type=\"widget\" data-e-type=\"widget\" data-widget_type=\"text-editor.default\">\n\t\t\t\t<div class=\"elementor-widget-container\">\n\t\t\t\t\t\t\t\t\t<p>Choose whether you'd like to secure your spot paying <strong data-start=\"454\" data-end=\"476\">o sinal de R$1500,00 via pix <\/strong>\u00a0para garantir sua vaga ou o valor total do Retiro agora.<\/p><ul data-start=\"1777\" data-end=\"2082\"><li data-start=\"1777\" data-end=\"1822\"><span style=\"font-style: inherit; font-weight: inherit;\">Quarto (compartilhado &#8211; 3 pessoas) \u2014 <\/span><span style=\"font-style: inherit; font-weight: bold;\" data-start=\"2012\" data-end=\"2027\">R$\u00a0<span data-start=\"1805\" data-end=\"1820\">5.326,00<\/span><\/span><\/li><li data-start=\"1823\" data-end=\"1874\">Quarto (compartilhado &#8211; 2 pessoas) \u2014 <span style=\"font-weight: bold;\" data-start=\"2067\" data-end=\"2082\">R$\u00a0<span style=\"font-style: inherit; background-color: transparent;\" data-start=\"2012\" data-end=\"2027\">5.459<\/span>,00<\/span><\/li><\/ul><p><b>*Deseja dividir o pagamento em at\u00e9 6 vezes no cart\u00e3o de cr\u00e9dito? <\/b>Entre em contato pelo whatsapp (73)99134-5058 que iremos te atender e enviar o link de pagamento do quarto espec\u00edfico com o n\u00famero de parcelas.<\/p>\t\t\t\t\t\t\t\t<\/div>\n\t\t\t\t<\/div>\n\t\t\t\t\t<\/div>\n\t\t\t\t<\/div>\n\t\t<div class=\"elementor-element elementor-element-ae4b7e4 e-flex e-con-boxed e-con e-parent\" data-id=\"ae4b7e4\" data-element_type=\"container\" data-e-type=\"container\" data-settings=\"{&quot;background_background&quot;:&quot;gradient&quot;}\">\n\t\t\t\t\t<div class=\"e-con-inner\">\n\t\t\t\t<div class=\"elementor-element elementor-element-0419dc7 elementor-widget elementor-widget-text-editor\" data-id=\"0419dc7\" data-element_type=\"widget\" data-e-type=\"widget\" data-widget_type=\"text-editor.default\">\n\t\t\t\t<div class=\"elementor-widget-container\">\n\t\t\t\t\t\t\t\t\t<p><img decoding=\"async\" class=\"emoji\" role=\"img\" draggable=\"false\" src=\"https:\/\/s.w.org\/images\/core\/emoji\/15.1.0\/svg\/1f4cc.svg\" alt=\"\ud83d\udccc\" \/> After payment, please, send the receipt to:<br data-start=\"1308\" data-end=\"1311\" \/>WhatsApp: +55 73 99134-5058<\/p>\t\t\t\t\t\t\t\t<\/div>\n\t\t\t\t<\/div>\n\t\t\t\t\t<\/div>\n\t\t\t\t<\/div>\n\t\t<div class=\"elementor-element elementor-element-ba84c26 e-flex e-con-boxed e-con e-parent\" data-id=\"ba84c26\" data-element_type=\"container\" data-e-type=\"container\" data-settings=\"{&quot;background_background&quot;:&quot;classic&quot;}\">\n\t\t\t\t\t<div class=\"e-con-inner\">\n\t\t\t\t<div class=\"elementor-element elementor-element-807575b elementor-widget elementor-widget-text-editor\" data-id=\"807575b\" data-element_type=\"widget\" data-e-type=\"widget\" data-widget_type=\"text-editor.default\">\n\t\t\t\t<div class=\"elementor-widget-container\">\n\t\t\t\t\t\t\t\t\t<p>\ud83c\udf3f This is a calling to your soul.<br data-start=\"1974\" data-end=\"1977\" \/>We are here for guide you in each step<\/p>\t\t\t\t\t\t\t\t<\/div>\n\t\t\t\t<\/div>\n\t\t\t\t\t<\/div>\n\t\t\t\t<\/div>\n\t\t\t\t<\/div>","protected":false},"excerpt":{"rendered":"<p>Filhas da LuaFinalize sua inscri\u00e7\u00e3o Voc\u00ea est\u00e1 a um passo de garantir sua vaga nessa jornada transformadora em Paraty.Escolha abaixo sua forma de pagamento preferida: \u00a0 SINAL DE RESERVA PAGAMENTO TOTAL Valor: R$ 1500,00* pagamento do sinal at\u00e9 21 de julho Quarto (compartilhado &#8211; 3 pessoas) \u2014 R$ 5.326,00 Quarto (compartilhado &#8211; 2 pessoas) \u2014 [&hellip;]<\/p>","protected":false},"author":1,"featured_media":0,"parent":0,"menu_order":0,"comment_status":"closed","ping_status":"closed","template":"elementor_canvas","meta":{"site-sidebar-layout":"no-sidebar","site-content-layout":"page-builder","ast-site-content-layout":"full-width-container","site-content-style":"unboxed","site-sidebar-style":"unboxed","ast-global-header-display":"","ast-banner-title-visibility":"","ast-main-header-display":"","ast-hfb-above-header-display":"","ast-hfb-below-header-display":"","ast-hfb-mobile-header-display":"","site-post-title":"disabled","ast-breadcrumbs-content":"","ast-featured-img":"disabled","footer-sml-layout":"","theme-transparent-header-meta":"","adv-header-id-meta":"","stick-header-meta":"","header-above-stick-meta":"","header-main-stick-meta":"","header-below-stick-meta":"","astra-migrate-meta-layouts":"set","ast-page-background-enabled":"default","ast-page-background-meta":{"desktop":{"background-color":"var(--ast-global-color-4)","background-image":"","background-repeat":"repeat","background-position":"center center","background-size":"auto","background-attachment":"scroll","background-type":"","background-media":"","overlay-type":"","overlay-color":"","overlay-opacity":"","overlay-gradient":""},"tablet":{"background-color":"","background-image":"","background-repeat":"repeat","background-position":"center center","background-size":"auto","background-attachment":"scroll","background-type":"","background-media":"","overlay-type":"","overlay-color":"","overlay-opacity":"","overlay-gradient":""},"mobile":{"background-color":"","background-image":"","background-repeat":"repeat","background-position":"center center","background-size":"auto","background-attachment":"scroll","background-type":"","background-media":"","overlay-type":"","overlay-color":"","overlay-opacity":"","overlay-gradient":""}},"ast-content-background-meta":{"desktop":{"background-color":"var(--ast-global-color-5)","background-image":"","background-repeat":"repeat","background-position":"center center","background-size":"auto","background-attachment":"scroll","background-type":"","background-media":"","overlay-type":"","overlay-color":"","overlay-opacity":"","overlay-gradient":""},"tablet":{"background-color":"var(--ast-global-color-5)","background-image":"","background-repeat":"repeat","background-position":"center center","background-size":"auto","background-attachment":"scroll","background-type":"","background-media":"","overlay-type":"","overlay-color":"","overlay-opacity":"","overlay-gradient":""},"mobile":{"background-color":"var(--ast-global-color-5)","background-image":"","background-repeat":"repeat","background-position":"center center","background-size":"auto","background-attachment":"scroll","background-type":"","background-media":"","overlay-type":"","overlay-color":"","overlay-opacity":"","overlay-gradient":""}},"footnotes":""},"class_list":["post-5356","page","type-page","status-publish","hentry"],"aioseo_notices":[],"_links":{"self":[{"href":"https:\/\/spasomaser.com.br\/en\/wp-json\/wp\/v2\/pages\/5356","targetHints":{"allow":["GET"]}}],"collection":[{"href":"https:\/\/spasomaser.com.br\/en\/wp-json\/wp\/v2\/pages"}],"about":[{"href":"https:\/\/spasomaser.com.br\/en\/wp-json\/wp\/v2\/types\/page"}],"author":[{"embeddable":true,"href":"https:\/\/spasomaser.com.br\/en\/wp-json\/wp\/v2\/users\/1"}],"replies":[{"embeddable":true,"href":"https:\/\/spasomaser.com.br\/en\/wp-json\/wp\/v2\/comments?post=5356"}],"version-history":[{"count":64,"href":"https:\/\/spasomaser.com.br\/en\/wp-json\/wp\/v2\/pages\/5356\/revisions"}],"predecessor-version":[{"id":6446,"href":"https:\/\/spasomaser.com.br\/en\/wp-json\/wp\/v2\/pages\/5356\/revisions\/6446"}],"wp:attachment":[{"href":"https:\/\/spasomaser.com.br\/en\/wp-json\/wp\/v2\/media?parent=5356"}],"curies":[{"name":"wp","href":"https:\/\/api.w.org\/{rel}","templated":true}]}}